{"id":400,"date":"2023-09-08T17:32:17","date_gmt":"2023-09-08T17:32:17","guid":{"rendered":"https:\/\/liferevivalstg.wpengine.com\/?page_id=400"},"modified":"2023-09-11T20:00:05","modified_gmt":"2023-09-11T20:00:05","slug":"office-manager","status":"publish","type":"page","link":"https:\/\/revivalheal.com\/vi\/office-manager\/","title":{"rendered":"Qu\u1ea3n L\u00fd V\u0103n Ph\u00f2ng"},"content":{"rendered":"\t\t<div data-elementor-type=\"wp-page\" data-elementor-id=\"400\" class=\"elementor elementor-400\" data-elementor-post-type=\"page\">\n\t\t\t\t\t\t<section class=\"elementor-section elementor-top-section elementor-element elementor-element-fee2713 elementor-section-content-middle elementor-section-boxed elementor-section-height-default elementor-section-height-default\" data-id=\"fee2713\" data-element_type=\"section\" data-e-type=\"section\" data-settings=\"{&quot;background_background&quot;:&quot;classic&quot;}\">\n\t\t\t\t\t\t\t<div class=\"elementor-background-overlay\"><\/div>\n\t\t\t\t\t\t\t<div class=\"elementor-container elementor-column-gap-default\">\n\t\t\t\t\t<div class=\"elementor-column elementor-col-100 elementor-top-column elementor-element elementor-element-13b0490\" data-id=\"13b0490\" data-element_type=\"column\" data-e-type=\"column\">\n\t\t\t<div class=\"elementor-widget-wrap elementor-element-populated\">\n\t\t\t\t\t\t<div class=\"elementor-element elementor-element-2d23a98 elementor-headline--style-highlight elementor-widget elementor-widget-animated-headline\" data-id=\"2d23a98\" data-element_type=\"widget\" data-e-type=\"widget\" data-settings=\"{&quot;highlighted_text&quot;:&quot;Manager&quot;,&quot;headline_style&quot;:&quot;highlight&quot;,&quot;marker&quot;:&quot;circle&quot;,&quot;loop&quot;:&quot;yes&quot;,&quot;highlight_animation_duration&quot;:1200,&quot;highlight_iteration_delay&quot;:8000}\" data-widget_type=\"animated-headline.default\">\n\t\t\t\t<div class=\"elementor-widget-container\">\n\t\t\t\t\t\t\t<h1 class=\"elementor-headline\">\n\t\t\t\t\t<span class=\"elementor-headline-plain-text elementor-headline-text-wrapper\">Office <\/span>\n\t\t\t\t<span class=\"elementor-headline-dynamic-wrapper elementor-headline-text-wrapper\">\n\t\t\t\t\t<span class=\"elementor-headline-dynamic-text elementor-headline-text-active\">Manager<\/span>\n\t\t\t\t<\/span>\n\t\t\t\t<\/h1>\n\t\t\t\t\t\t<\/div>\n\t\t\t\t<\/div>\n\t\t\t\t\t<\/div>\n\t\t<\/div>\n\t\t\t\t\t<\/div>\n\t\t<\/section>\n\t\t\t\t<section class=\"elementor-section elementor-top-section elementor-element elementor-element-8392e0b elementor-section-boxed elementor-section-height-default elementor-section-height-default\" data-id=\"8392e0b\" data-element_type=\"section\" data-e-type=\"section\">\n\t\t\t\t\t\t<div class=\"elementor-container elementor-column-gap-default\">\n\t\t\t\t\t<div class=\"elementor-column elementor-col-50 elementor-top-column elementor-element elementor-element-badd2b9\" data-id=\"badd2b9\" data-element_type=\"column\" data-e-type=\"column\">\n\t\t\t<div class=\"elementor-widget-wrap elementor-element-populated\">\n\t\t\t\t\t\t<div class=\"elementor-element elementor-element-2db00e2 elementor-widget elementor-widget-text-editor\" data-id=\"2db00e2\" data-element_type=\"widget\" data-e-type=\"widget\" data-widget_type=\"text-editor.default\">\n\t\t\t\t<div class=\"elementor-widget-container\">\n\t\t\t\t\t\t\t\t\t<div class=\"p-rich_text_section\"><div class=\"p-rich_text_section\">We are seeking a full-time office manager to play a pivotal role in ensuring the smooth and efficient operation of our mental health clinic.<\/div><ul class=\"p-rich_text_list p-rich_text_list__bullet\" data-stringify-type=\"unordered-list\" data-indent=\"0\" data-border=\"0\"><li data-stringify-indent=\"0\" data-stringify-border=\"0\">Associate degree preferred but will consider high school diploma or GED.<\/li><li data-stringify-indent=\"0\" data-stringify-border=\"0\">One year or more of experience in a healthcare office setting, focusing on billing, compliance, and chart management.<\/li><li data-stringify-indent=\"0\" data-stringify-border=\"0\">Oversee the daily operations of the clinic, including appointment scheduling, reception, and administrative tasks.<\/li><li data-stringify-indent=\"0\" data-stringify-border=\"0\">Utilize computer equipment daily, using Word, Excel, etc.<\/li><li data-stringify-indent=\"0\" data-stringify-border=\"0\">Proficiency in office software and EMR systems<\/li><li data-stringify-indent=\"0\" data-stringify-border=\"0\">Knowledge of psychiatric healthcare practices and regulations<\/li><li data-stringify-indent=\"0\" data-stringify-border=\"0\">Experience with medical billing practices and regulations<\/li><li data-stringify-indent=\"0\" data-stringify-border=\"0\">Strong leadership and team building skills.<\/li><\/ul><\/div>\t\t\t\t\t\t\t\t<\/div>\n\t\t\t\t<\/div>\n\t\t\t\t\t<\/div>\n\t\t<\/div>\n\t\t\t\t<div class=\"elementor-column elementor-col-50 elementor-top-column elementor-element elementor-element-cbc3b4b\" data-id=\"cbc3b4b\" data-element_type=\"column\" data-e-type=\"column\" data-settings=\"{&quot;background_background&quot;:&quot;classic&quot;}\">\n\t\t\t<div class=\"elementor-widget-wrap elementor-element-populated\">\n\t\t\t\t\t\t<div class=\"elementor-element elementor-element-8f0edad elementor-headline--style-highlight elementor-widget elementor-widget-animated-headline\" data-id=\"8f0edad\" data-element_type=\"widget\" data-e-type=\"widget\" data-settings=\"{&quot;marker&quot;:&quot;underline&quot;,&quot;highlighted_text&quot;:&quot;team&quot;,&quot;headline_style&quot;:&quot;highlight&quot;,&quot;loop&quot;:&quot;yes&quot;,&quot;highlight_animation_duration&quot;:1200,&quot;highlight_iteration_delay&quot;:8000}\" data-widget_type=\"animated-headline.default\">\n\t\t\t\t<div class=\"elementor-widget-container\">\n\t\t\t\t\t\t\t<h2 class=\"elementor-headline\">\n\t\t\t\t\t<span class=\"elementor-headline-plain-text elementor-headline-text-wrapper\">Join the <\/span>\n\t\t\t\t<span class=\"elementor-headline-dynamic-wrapper elementor-headline-text-wrapper\">\n\t\t\t\t\t<span class=\"elementor-headline-dynamic-text elementor-headline-text-active\">team<\/span>\n\t\t\t\t<\/span>\n\t\t\t\t<\/h2>\n\t\t\t\t\t\t<\/div>\n\t\t\t\t<\/div>\n\t\t\t\t<div class=\"elementor-element elementor-element-dc3bd53 elementor-widget elementor-widget-text-editor\" data-id=\"dc3bd53\" data-element_type=\"widget\" data-e-type=\"widget\" data-widget_type=\"text-editor.default\">\n\t\t\t\t<div class=\"elementor-widget-container\">\n\t\t\t\t\t\t\t\t\t<p><span style=\"font-weight: 400;\">Ready to experience meaningful and rewarding work? Send us your resume in the form below.<\/span><\/p>\t\t\t\t\t\t\t\t<\/div>\n\t\t\t\t<\/div>\n\t\t\t\t<div class=\"elementor-element elementor-element-c70f194 elementor-button-align-stretch elementor-widget elementor-widget-form\" data-id=\"c70f194\" data-element_type=\"widget\" data-e-type=\"widget\" data-settings=\"{&quot;step_next_label&quot;:&quot;Next&quot;,&quot;step_previous_label&quot;:&quot;Previous&quot;,&quot;button_width&quot;:&quot;100&quot;,&quot;step_type&quot;:&quot;number_text&quot;,&quot;step_icon_shape&quot;:&quot;circle&quot;}\" data-widget_type=\"form.default\">\n\t\t\t\t<div class=\"elementor-widget-container\">\n\t\t\t\t\t\t\t<form class=\"elementor-form\" method=\"post\" name=\"Contact Form\" aria-label=\"Contact Form\">\n\t\t\t<input type=\"hidden\" name=\"post_id\" value=\"400\"\/>\n\t\t\t<input type=\"hidden\" name=\"form_id\" value=\"c70f194\"\/>\n\t\t\t<input type=\"hidden\" name=\"referer_title\" value=\"Life Revival\" \/>\n\n\t\t\t\n\t\t\t<div class=\"elementor-form-fields-wrapper elementor-labels-\">\n\t\t\t\t\t\t\t\t<div class=\"elementor-field-type-text elementor-field-group elementor-column elementor-field-group-name elementor-col-100\">\n\t\t\t\t\t\t\t\t\t\t\t\t<label for=\"form-field-name\" class=\"elementor-field-label elementor-screen-only\">\n\t\t\t\t\t\t\t\tName\t\t\t\t\t\t\t<\/label>\n\t\t\t\t\t\t\t\t\t\t\t\t\t\t<input size=\"1\" type=\"text\" name=\"form_fields[name]\" id=\"form-field-name\" class=\"elementor-field elementor-size-lg  elementor-field-textual\" placeholder=\"Name\">\n\t\t\t\t\t\t\t\t\t\t\t<\/div>\n\t\t\t\t\t\t\t\t<div class=\"elementor-field-type-email elementor-field-group elementor-column elementor-field-group-email elementor-col-100 elementor-field-required\">\n\t\t\t\t\t\t\t\t\t\t\t\t<label for=\"form-field-email\" class=\"elementor-field-label elementor-screen-only\">\n\t\t\t\t\t\t\t\tEmail\t\t\t\t\t\t\t<\/label>\n\t\t\t\t\t\t\t\t\t\t\t\t\t\t<input size=\"1\" type=\"email\" name=\"form_fields[email]\" id=\"form-field-email\" class=\"elementor-field elementor-size-lg  elementor-field-textual\" placeholder=\"Email\" required=\"required\">\n\t\t\t\t\t\t\t\t\t\t\t<\/div>\n\t\t\t\t\t\t\t\t<div class=\"elementor-field-type-tel elementor-field-group elementor-column elementor-field-group-field_1fa7f13 elementor-col-100\">\n\t\t\t\t\t\t\t\t\t\t\t\t<label for=\"form-field-field_1fa7f13\" class=\"elementor-field-label elementor-screen-only\">\n\t\t\t\t\t\t\t\tPhone\t\t\t\t\t\t\t<\/label>\n\t\t\t\t\t\t\t\t<input size=\"1\" type=\"tel\" name=\"form_fields[field_1fa7f13]\" id=\"form-field-field_1fa7f13\" class=\"elementor-field elementor-size-lg  elementor-field-textual\" placeholder=\"Phone\" pattern=\"[0-9()#&amp;+*-=.]+\" title=\"Only numbers and phone characters (#, -, *, etc) are accepted.\">\n\n\t\t\t\t\t\t<\/div>\n\t\t\t\t\t\t\t\t<div class=\"elementor-field-type-upload elementor-field-group elementor-column elementor-field-group-field_f726cb4 elementor-col-100 elementor-field-required\">\n\t\t\t\t\t\t\t\t\t\t\t\t<label for=\"form-field-field_f726cb4\" class=\"elementor-field-label elementor-screen-only\">\n\t\t\t\t\t\t\t\tUpload CV\t\t\t\t\t\t\t<\/label>\n\t\t\t\t\t\t\t\t<input type=\"file\" name=\"form_fields[field_f726cb4]\" id=\"form-field-field_f726cb4\" class=\"elementor-field elementor-size-lg  elementor-upload-field\" required=\"required\">\n\n\t\t\t\t\t\t<\/div>\n\t\t\t\t\t\t\t\t<div class=\"elementor-field-type-textarea elementor-field-group elementor-column elementor-field-group-message elementor-col-100\">\n\t\t\t\t\t\t\t\t\t\t\t\t<label for=\"form-field-message\" class=\"elementor-field-label elementor-screen-only\">\n\t\t\t\t\t\t\t\tMessage\t\t\t\t\t\t\t<\/label>\n\t\t\t\t\t\t<textarea class=\"elementor-field-textual elementor-field  elementor-size-lg\" name=\"form_fields[message]\" id=\"form-field-message\" rows=\"3\" placeholder=\"Message\"><\/textarea>\t\t\t\t<\/div>\n\t\t\t\t\t\t\t\t<div class=\"elementor-field-type-recaptcha elementor-field-group elementor-column elementor-field-group-field_ac96aab elementor-col-100\">\n\t\t\t\t\t<div class=\"elementor-field\" id=\"form-field-field_ac96aab\"><div class=\"elementor-g-recaptcha\" data-sitekey=\"6Leq-hkoAAAAAIxRDgTXXCxvxu_k4IC4hfFLrfa7\" data-type=\"v2_checkbox\" data-theme=\"light\" data-size=\"normal\"><\/div><\/div>\t\t\t\t<\/div>\n\t\t\t\t\t\t\t\t<div class=\"elementor-field-group elementor-column elementor-field-type-submit elementor-col-100 e-form__buttons\">\n\t\t\t\t\t<button class=\"elementor-button elementor-size-lg\" type=\"submit\">\n\t\t\t\t\t\t<span class=\"elementor-button-content-wrapper\">\n\t\t\t\t\t\t\t\t\t\t\t\t\t\t\t\t\t\t\t\t\t\t<span class=\"elementor-button-text\">Apply Now<\/span>\n\t\t\t\t\t\t\t\t\t\t\t\t\t<\/span>\n\t\t\t\t\t<\/button>\n\t\t\t\t<\/div>\n\t\t\t<\/div>\n\t\t<\/form>\n\t\t\t\t\t\t<\/div>\n\t\t\t\t<\/div>\n\t\t\t\t\t<\/div>\n\t\t<\/div>\n\t\t\t\t\t<\/div>\n\t\t<\/section>\n\t\t\t\t<\/div>\n\t\t","protected":false},"excerpt":{"rendered":"<p>Office Manager We are seeking a full-time office manager to play a pivotal role in ensuring the smooth and efficient operation of our mental health clinic. Associate degree preferred but will consider high school diploma or GED. One year or more of experience in a healthcare office setting, focusing on billing, compliance, and chart management&#8230;.<\/p>","protected":false},"author":3,"featured_media":377,"parent":0,"menu_order":0,"comment_status":"closed","ping_status":"closed","template":"elementor_header_footer","meta":{"_kad_post_transparent":"default","_kad_post_title":"hide","_kad_post_layout":"fullwidth","_kad_post_sidebar_id":"","_kad_post_content_style":"unboxed","_kad_post_vertical_padding":"hide","_kad_post_feature":"hide","_kad_post_feature_position":"","_kad_post_header":false,"_kad_post_footer":false,"_kad_post_classname":"","footnotes":""},"class_list":["post-400","page","type-page","status-publish","has-post-thumbnail","hentry"],"yoast_head":"<!-- This site is optimized with the Yoast SEO Premium plugin v20.13 (Yoast SEO v27.4) - https:\/\/yoast.com\/product\/yoast-seo-premium-wordpress\/ -->\n<title>Life Revival | Office Manager<\/title>\n<meta name=\"description\" content=\"Pursue a career at Life Revival. Become a part of a team, dedicated to making a lasting difference for immigrants in the Philadelphia community.\" \/>\n<meta name=\"robots\" content=\"index, follow, max-snippet:-1, max-image-preview:large, max-video-preview:-1\" \/>\n<link rel=\"canonical\" href=\"https:\/\/revivalheal.com\/vi\/office-manager\/\" \/>\n<meta property=\"og:locale\" content=\"vi_VN\" \/>\n<meta property=\"og:type\" content=\"article\" \/>\n<meta property=\"og:title\" content=\"Office Manager\" \/>\n<meta property=\"og:description\" content=\"Pursue a career at Life Revival. Become a part of a team, dedicated to making a lasting difference for immigrants in the Philadelphia community.\" \/>\n<meta property=\"og:url\" content=\"https:\/\/revivalheal.com\/vi\/office-manager\/\" \/>\n<meta property=\"og:site_name\" content=\"Life Revival\" \/>\n<meta property=\"article:modified_time\" content=\"2023-09-11T20:00:05+00:00\" \/>\n<meta property=\"og:image\" content=\"https:\/\/revivalheal.com\/wp-content\/uploads\/2023\/09\/liferevival.png\" \/>\n\t<meta property=\"og:image:width\" content=\"1200\" \/>\n\t<meta property=\"og:image:height\" content=\"630\" \/>\n\t<meta property=\"og:image:type\" content=\"image\/png\" \/>\n<meta name=\"twitter:card\" content=\"summary_large_image\" \/>\n<meta name=\"twitter:label1\" content=\"Est. reading time\" \/>\n\t<meta name=\"twitter:data1\" content=\"1 minute\" \/>\n<script type=\"application\/ld+json\" class=\"yoast-schema-graph\">{\"@context\":\"https:\\\/\\\/schema.org\",\"@graph\":[{\"@type\":\"WebPage\",\"@id\":\"https:\\\/\\\/revivalheal.com\\\/office-manager\\\/\",\"url\":\"https:\\\/\\\/revivalheal.com\\\/office-manager\\\/\",\"name\":\"Life Revival | Office Manager\",\"isPartOf\":{\"@id\":\"https:\\\/\\\/revivalheal.com\\\/#website\"},\"primaryImageOfPage\":{\"@id\":\"https:\\\/\\\/revivalheal.com\\\/office-manager\\\/#primaryimage\"},\"image\":{\"@id\":\"https:\\\/\\\/revivalheal.com\\\/office-manager\\\/#primaryimage\"},\"thumbnailUrl\":\"https:\\\/\\\/revivalheal.com\\\/wp-content\\\/uploads\\\/2023\\\/09\\\/liferevival.png\",\"datePublished\":\"2023-09-08T17:32:17+00:00\",\"dateModified\":\"2023-09-11T20:00:05+00:00\",\"description\":\"Pursue a career at Life Revival. Become a part of a team, dedicated to making a lasting difference for immigrants in the Philadelphia community.\",\"breadcrumb\":{\"@id\":\"https:\\\/\\\/revivalheal.com\\\/office-manager\\\/#breadcrumb\"},\"inLanguage\":\"vi\",\"potentialAction\":[{\"@type\":\"ReadAction\",\"target\":[\"https:\\\/\\\/revivalheal.com\\\/office-manager\\\/\"]}]},{\"@type\":\"ImageObject\",\"inLanguage\":\"vi\",\"@id\":\"https:\\\/\\\/revivalheal.com\\\/office-manager\\\/#primaryimage\",\"url\":\"https:\\\/\\\/revivalheal.com\\\/wp-content\\\/uploads\\\/2023\\\/09\\\/liferevival.png\",\"contentUrl\":\"https:\\\/\\\/revivalheal.com\\\/wp-content\\\/uploads\\\/2023\\\/09\\\/liferevival.png\",\"width\":1200,\"height\":630},{\"@type\":\"BreadcrumbList\",\"@id\":\"https:\\\/\\\/revivalheal.com\\\/office-manager\\\/#breadcrumb\",\"itemListElement\":[{\"@type\":\"ListItem\",\"position\":1,\"name\":\"Home\",\"item\":\"https:\\\/\\\/revivalheal.com\\\/\"},{\"@type\":\"ListItem\",\"position\":2,\"name\":\"Office Manager\"}]},{\"@type\":\"WebSite\",\"@id\":\"https:\\\/\\\/revivalheal.com\\\/#website\",\"url\":\"https:\\\/\\\/revivalheal.com\\\/\",\"name\":\"Life Revival\",\"description\":\"\",\"publisher\":{\"@id\":\"https:\\\/\\\/revivalheal.com\\\/#organization\"},\"potentialAction\":[{\"@type\":\"SearchAction\",\"target\":{\"@type\":\"EntryPoint\",\"urlTemplate\":\"https:\\\/\\\/revivalheal.com\\\/?s={search_term_string}\"},\"query-input\":{\"@type\":\"PropertyValueSpecification\",\"valueRequired\":true,\"valueName\":\"search_term_string\"}}],\"inLanguage\":\"vi\"},{\"@type\":\"Organization\",\"@id\":\"https:\\\/\\\/revivalheal.com\\\/#organization\",\"name\":\"Life Revival\",\"url\":\"https:\\\/\\\/revivalheal.com\\\/\",\"logo\":{\"@type\":\"ImageObject\",\"inLanguage\":\"vi\",\"@id\":\"https:\\\/\\\/revivalheal.com\\\/#\\\/schema\\\/logo\\\/image\\\/\",\"url\":\"https:\\\/\\\/revivalheal.com\\\/wp-content\\\/uploads\\\/2023\\\/06\\\/liferevival-e1686929461706.png\",\"contentUrl\":\"https:\\\/\\\/revivalheal.com\\\/wp-content\\\/uploads\\\/2023\\\/06\\\/liferevival-e1686929461706.png\",\"width\":770,\"height\":115,\"caption\":\"Life Revival\"},\"image\":{\"@id\":\"https:\\\/\\\/revivalheal.com\\\/#\\\/schema\\\/logo\\\/image\\\/\"}}]}<\/script>\n<!-- \/ Yoast SEO Premium plugin. -->","yoast_head_json":{"title":"Life Revival | Office Manager","description":"Pursue a career at Life Revival. Become a part of a team, dedicated to making a lasting difference for immigrants in the Philadelphia community.","robots":{"index":"index","follow":"follow","max-snippet":"max-snippet:-1","max-image-preview":"max-image-preview:large","max-video-preview":"max-video-preview:-1"},"canonical":"https:\/\/revivalheal.com\/vi\/office-manager\/","og_locale":"vi_VN","og_type":"article","og_title":"Office Manager","og_description":"Pursue a career at Life Revival. Become a part of a team, dedicated to making a lasting difference for immigrants in the Philadelphia community.","og_url":"https:\/\/revivalheal.com\/vi\/office-manager\/","og_site_name":"Life Revival","article_modified_time":"2023-09-11T20:00:05+00:00","og_image":[{"width":1200,"height":630,"url":"https:\/\/revivalheal.com\/wp-content\/uploads\/2023\/09\/liferevival.png","type":"image\/png"}],"twitter_card":"summary_large_image","twitter_misc":{"Est. reading time":"1 minute"},"schema":{"@context":"https:\/\/schema.org","@graph":[{"@type":"WebPage","@id":"https:\/\/revivalheal.com\/office-manager\/","url":"https:\/\/revivalheal.com\/office-manager\/","name":"Life Revival | Office Manager","isPartOf":{"@id":"https:\/\/revivalheal.com\/#website"},"primaryImageOfPage":{"@id":"https:\/\/revivalheal.com\/office-manager\/#primaryimage"},"image":{"@id":"https:\/\/revivalheal.com\/office-manager\/#primaryimage"},"thumbnailUrl":"https:\/\/revivalheal.com\/wp-content\/uploads\/2023\/09\/liferevival.png","datePublished":"2023-09-08T17:32:17+00:00","dateModified":"2023-09-11T20:00:05+00:00","description":"Pursue a career at Life Revival. Become a part of a team, dedicated to making a lasting difference for immigrants in the Philadelphia community.","breadcrumb":{"@id":"https:\/\/revivalheal.com\/office-manager\/#breadcrumb"},"inLanguage":"vi","potentialAction":[{"@type":"ReadAction","target":["https:\/\/revivalheal.com\/office-manager\/"]}]},{"@type":"ImageObject","inLanguage":"vi","@id":"https:\/\/revivalheal.com\/office-manager\/#primaryimage","url":"https:\/\/revivalheal.com\/wp-content\/uploads\/2023\/09\/liferevival.png","contentUrl":"https:\/\/revivalheal.com\/wp-content\/uploads\/2023\/09\/liferevival.png","width":1200,"height":630},{"@type":"BreadcrumbList","@id":"https:\/\/revivalheal.com\/office-manager\/#breadcrumb","itemListElement":[{"@type":"ListItem","position":1,"name":"Home","item":"https:\/\/revivalheal.com\/"},{"@type":"ListItem","position":2,"name":"Office Manager"}]},{"@type":"WebSite","@id":"https:\/\/revivalheal.com\/#website","url":"https:\/\/revivalheal.com\/","name":"Cu\u1ed9c H\u1ed3i Sinh","description":"","publisher":{"@id":"https:\/\/revivalheal.com\/#organization"},"potentialAction":[{"@type":"SearchAction","target":{"@type":"EntryPoint","urlTemplate":"https:\/\/revivalheal.com\/?s={search_term_string}"},"query-input":{"@type":"PropertyValueSpecification","valueRequired":true,"valueName":"search_term_string"}}],"inLanguage":"vi"},{"@type":"Organization","@id":"https:\/\/revivalheal.com\/#organization","name":"Cu\u1ed9c H\u1ed3i Sinh","url":"https:\/\/revivalheal.com\/","logo":{"@type":"ImageObject","inLanguage":"vi","@id":"https:\/\/revivalheal.com\/#\/schema\/logo\/image\/","url":"https:\/\/revivalheal.com\/wp-content\/uploads\/2023\/06\/liferevival-e1686929461706.png","contentUrl":"https:\/\/revivalheal.com\/wp-content\/uploads\/2023\/06\/liferevival-e1686929461706.png","width":770,"height":115,"caption":"Life Revival"},"image":{"@id":"https:\/\/revivalheal.com\/#\/schema\/logo\/image\/"}}]}},"_links":{"self":[{"href":"https:\/\/revivalheal.com\/vi\/wp-json\/wp\/v2\/pages\/400","targetHints":{"allow":["GET"]}}],"collection":[{"href":"https:\/\/revivalheal.com\/vi\/wp-json\/wp\/v2\/pages"}],"about":[{"href":"https:\/\/revivalheal.com\/vi\/wp-json\/wp\/v2\/types\/page"}],"author":[{"embeddable":true,"href":"https:\/\/revivalheal.com\/vi\/wp-json\/wp\/v2\/users\/3"}],"replies":[{"embeddable":true,"href":"https:\/\/revivalheal.com\/vi\/wp-json\/wp\/v2\/comments?post=400"}],"version-history":[{"count":0,"href":"https:\/\/revivalheal.com\/vi\/wp-json\/wp\/v2\/pages\/400\/revisions"}],"wp:featuredmedia":[{"embeddable":true,"href":"https:\/\/revivalheal.com\/vi\/wp-json\/wp\/v2\/media\/377"}],"wp:attachment":[{"href":"https:\/\/revivalheal.com\/vi\/wp-json\/wp\/v2\/media?parent=400"}],"curies":[{"name":"wp","href":"https:\/\/api.w.org\/{rel}","templated":true}]}}