{"id":337,"date":"2023-08-26T10:01:58","date_gmt":"2023-08-26T10:01:58","guid":{"rendered":"https:\/\/liferevivalstg.wpengine.com\/?page_id=337"},"modified":"2023-09-08T19:15:04","modified_gmt":"2023-09-08T19:15:04","slug":"terms-conditions","status":"publish","type":"page","link":"https:\/\/revivalheal.com\/vi\/terms-conditions\/","title":{"rendered":"TERMS &#038; CONDITIONS"},"content":{"rendered":"<div data-elementor-type=\"wp-page\" data-elementor-id=\"337\" class=\"elementor elementor-337\" data-elementor-post-type=\"page\">\n\t\t\t\t\t\t<section class=\"elementor-section elementor-top-section elementor-element elementor-element-75d8cc4 elementor-section-content-middle elementor-section-height-min-height elementor-section-boxed elementor-section-height-default elementor-section-items-middle\" data-id=\"75d8cc4\" data-element_type=\"section\" data-e-type=\"section\" data-settings=\"{&quot;background_background&quot;:&quot;classic&quot;}\">\n\t\t\t\t\t\t\t<div class=\"elementor-background-overlay\"><\/div>\n\t\t\t\t\t\t\t<div class=\"elementor-container elementor-column-gap-default\">\n\t\t\t\t\t<div class=\"elementor-column elementor-col-100 elementor-top-column elementor-element elementor-element-1347a11\" data-id=\"1347a11\" data-element_type=\"column\" data-e-type=\"column\">\n\t\t\t<div class=\"elementor-widget-wrap elementor-element-populated\">\n\t\t\t\t\t\t<div class=\"elementor-element elementor-element-6d36061 elementor-headline--style-highlight elementor-widget elementor-widget-animated-headline\" data-id=\"6d36061\" data-element_type=\"widget\" data-e-type=\"widget\" data-settings=\"{&quot;highlighted_text&quot;:&quot;CONDITIONS&quot;,&quot;headline_style&quot;:&quot;highlight&quot;,&quot;marker&quot;:&quot;circle&quot;,&quot;loop&quot;:&quot;yes&quot;,&quot;highlight_animation_duration&quot;:1200,&quot;highlight_iteration_delay&quot;:8000}\" data-widget_type=\"animated-headline.default\">\n\t\t\t\t<div class=\"elementor-widget-container\">\n\t\t\t\t\t\t\t<h1 class=\"elementor-headline\">\n\t\t\t\t\t<span class=\"elementor-headline-plain-text elementor-headline-text-wrapper\">TERMS &amp; <\/span>\n\t\t\t\t<span class=\"elementor-headline-dynamic-wrapper elementor-headline-text-wrapper\">\n\t\t\t\t\t<span class=\"elementor-headline-dynamic-text elementor-headline-text-active\">\u0110i\u1ec1u KI\u1ec6N<\/span>\n\t\t\t\t<\/span>\n\t\t\t\t<\/h1>\n\t\t\t\t\t\t<\/div>\n\t\t\t\t<\/div>\n\t\t\t\t\t<\/div>\n\t\t<\/div>\n\t\t\t\t\t<\/div>\n\t\t<\/section>\n\t\t\t\t<section class=\"elementor-section elementor-top-section elementor-element elementor-element-11521ce9 elementor-section-boxed elementor-section-height-default elementor-section-height-default\" data-id=\"11521ce9\" data-element_type=\"section\" data-e-type=\"section\">\n\t\t\t\t\t\t<div class=\"elementor-container elementor-column-gap-default\">\n\t\t\t\t\t<div class=\"elementor-column elementor-col-100 elementor-top-column elementor-element elementor-element-2c5ec1d1\" data-id=\"2c5ec1d1\" data-element_type=\"column\" data-e-type=\"column\">\n\t\t\t<div class=\"elementor-widget-wrap elementor-element-populated\">\n\t\t\t\t\t\t<div class=\"elementor-element elementor-element-6ae80a54 elementor-widget elementor-widget-text-editor\" data-id=\"6ae80a54\" data-element_type=\"widget\" data-e-type=\"widget\" data-widget_type=\"text-editor.default\">\n\t\t\t\t<div class=\"elementor-widget-container\">\n\t\t\t\t\t\t\t\t\t<h2><span style=\"color: #333333;\">1. \u0110i\u1ec1u kho\u1ea3n<\/span><\/h2><p>Trang Web n\u00e0y c\u00f3 th\u1ec3 truy c\u1eadp t\u1eeb <a href=\"https:\/\/revivalheal.com\/vi\/\"><span style=\"text-decoration: underline;\"><strong><span style=\"color: #333333; text-decoration: underline;\">https:\/\/revivalheal.com\/<\/span><\/strong><\/span><\/a>c\u1eadu c\u00f3 \u0111\u1ed3ng \u00fd v\u1edbi c\u00e1c \u0111i\u1ec1u Kho\u1ea3n Web v\u00e0 \u0111i\u1ec1u Ki\u1ec7n S\u1eed d\u1ee5ng v\u00e0 \u0111\u1ed3ng \u00fd r\u1eb1ng, b\u1ea1n \u0111ang ch\u1ecbu tr\u00e1ch nhi\u1ec7m cho vi\u1ec7c th\u1ecfa thu\u1eadn v\u1edbi b\u1ea5t k\u1ef3 \u00e1p d\u1ee5ng lu\u1eadt ph\u00e1p \u0111\u1ecba ph\u01b0\u01a1ng. N\u1ebfu anh kh\u00f4ng \u0111\u1ed3ng \u00fd v\u1edbi c\u00e1c \u0111i\u1ec1u kho\u1ea3n n\u00e0y, anh \u0111ang b\u1ecb truy c\u1eadp trang web n\u00e0y. C\u00e1c t\u00e0i li\u1ec7u trong trang Web n\u00e0y \u0111\u01b0\u1ee3c b\u1ea3o v\u1ec7 b\u1edfi b\u1ea3n quy\u1ec1n ph\u00e1p lu\u1eadt v\u00e0 th\u01b0\u01a1ng hi\u1ec7u.<\/p><h2><span style=\"color: #333333;\">2. Gi\u1ea5y Ph\u00e9p S\u1eed D\u1ee5ng<\/span><\/h2><p>C\u00f3 gi\u1ea5y ph\u00e9p t\u1ea1m th\u1eddi t\u1ea3i v\u1ec1 m\u1ed9t b\u1ea3n sao c\u1ee7a c\u00e1c t\u00e0i li\u1ec7u v\u1ec1 cu\u1ed9c S\u1ed1ng H\u1ed3i sinh trang Web c\u1ee7a cho c\u00e1 nh\u00e2n, kh\u00f4ng th\u01b0\u01a1ng m\u1ea1i t\u1ea1m th\u1eddi ch\u1ec9 xem. \u0110\u00e2y l\u00e0 vi\u1ec7c c\u1ea5p m\u1ed9t gi\u1ea5y ph\u00e9p, kh\u00f4ng ph\u1ea3i l\u00e0 m\u1ed9t chuy\u1ec3n nh\u01b0\u1ee3ng quy\u1ec1n s\u1edf h\u1eefu v\u00e0 theo gi\u1ea5y ph\u00e9p n\u00e0y, m\u00e0 b\u1ea1n c\u00f3 th\u1ec3 kh\u00f4ng ph\u1ea3i l\u00e0:<\/p><ul><li>s\u1eeda \u0111\u1ed5i, ho\u1eb7c sao ch\u00e9p c\u00e1c t\u00e0i li\u1ec7u;<\/li><li>s\u1eed d\u1ee5ng c\u00e1c t\u00e0i li\u1ec7u cho b\u1ea5t k\u1ef3 m\u1ee5c \u0111\u00edch th\u01b0\u01a1ng m\u1ea1i hay cho b\u1ea5t k\u1ef3 c\u00f4ng hi\u1ec3n th\u1ecb;<\/li><li>c\u1ed1 g\u1eafng \u0111\u1ec3 \u0111\u1ea3o ng\u01b0\u1ee3c k\u1ef9 s\u01b0 ph\u1ea7n m\u1ec1m c\u00f3 tr\u00ean \u0110\u1eddi H\u1ed3i sinh trang Web;<\/li><li>b\u1ecf b\u1ea5t k\u1ef3 b\u1ea3n quy\u1ec1n ho\u1eb7c c\u00e1c k\u00fd hi\u1ec7u \u0111\u1ed9c quy\u1ec1n t\u1eeb nh\u1eefng t\u00e0i li\u1ec7u, ho\u1eb7c<\/li><li>chuy\u1ec3n t\u00e0i li\u1ec7u cho ng\u01b0\u1eddi kh\u00e1c ho\u1eb7c &#034;g\u01b0\u01a1ng&#034; c\u00e1c t\u00e0i li\u1ec7u v\u1ec1 b\u1ea5t k\u1ef3 ch\u1ee7 kh\u00e1c.<\/li><\/ul><p>\u0110i\u1ec1u n\u00e0y s\u1ebd \u0111\u1ec3 cho cu\u1ed9c S\u1ed1ng H\u1ed3i sinh \u0111\u1ec3 ch\u1ea5m d\u1ee9t khi h\u00e0nh vi vi ph\u1ea1m c\u1ee7a b\u1ea5t k\u1ef3 nh\u1eefng gi\u1edbi h\u1ea1n. Khi ch\u1ea5m d\u1ee9t, b\u1ea1n xem ngay c\u0169ng s\u1ebd ch\u1ea5m d\u1ee9t, v\u00e0 b\u1ea1n s\u1ebd ph\u00e1 h\u1ee7y b\u1ea5t k\u1ef3 v\u1ec1 t\u00e0i li\u1ec7u cho d\u00f9 n\u00f3 \u0111\u01b0\u1ee3c in ho\u1eb7c \u0111i\u1ec7n t\u1eed d\u1ea1ng. C\u00e1c \u0111i\u1ec1u Kho\u1ea3n c\u1ee7a d\u1ecbch V\u1ee5 \u0111\u00e3 t\u1ea1o ra v\u1edbi s\u1ef1 gi\u00fap \u0111\u1ee1 c\u1ee7a nh\u1eefng <span style=\"text-decoration: underline;\"><strong><span style=\"color: #333333; text-decoration: underline;\"><a style=\"color: #333333; text-decoration: underline;\" href=\"https:\/\/www.termsofservicegenerator.net\">\u0110i\u1ec1u Kho\u1ea3n C\u1ee7a D\u1ecbch V\u1ee5 \u0110i\u1ec7n<\/a>.<\/span><\/strong><\/span><\/p><h2><span style=\"color: #333333;\">3. T\u1eeb ch\u1ed1i<\/span><\/h2><p>T\u1ea5t c\u1ea3 c\u00e1c t\u00e0i li\u1ec7u v\u1ec1 cu\u1ed9c S\u1ed1ng H\u1ed3i sinh trang Web \u0111\u01b0\u1ee3c cung c\u1ea5p &#034;nh\u01b0 l\u00e0&#034;.<span style=\"font-family: var(--global-body-font-family);\">Cu\u1ed9c H\u1ed3i Sinh <\/span>kh\u00f4ng b\u1ea3o \u0111\u1ea3m, n\u00f3 c\u00f3 th\u1ec3 b\u00e0y t\u1ecf hay ng\u1ee5 \u00fd, v\u00ec th\u1ebf ph\u1ee7 nh\u1eadn t\u1ea5t c\u1ea3 c\u00e1c s\u1ef1 b\u1ea3o \u0111\u1ea3m. H\u01a1n n\u1eefa, <span style=\"font-family: var(--global-body-font-family);\">Cu\u1ed9c H\u1ed3i Sinh <\/span><span style=\"font-family: var(--global-body-font-family);\">kh\u00f4ng \u0111\u1ea1i di\u1ec7n v\u1ec1 c\u00e1c ch\u00ednh x\u00e1c ho\u1eb7c tin c\u1eady c\u1ee7a c\u00e1c s\u1eed d\u1ee5ng c\u00e1c t\u00e0i li\u1ec7u tr\u00ean trang Web c\u1ee7a m\u00ecnh hay kh\u00f4ng li\u00ean quan \u0111\u1ebfn nh\u1eefng v\u1eadt li\u1ec7u hay b\u1ea5t k\u1ef3 trang web li\u00ean k\u1ebft t\u1edbi trang Web n\u00e0y.<\/span><\/p><h2><span style=\"color: #333333;\">4. Gi\u1edbi h\u1ea1n<\/span><\/h2><p>Cu\u1ed9c H\u1ed3i sinh ho\u1eb7c nh\u00e0 cung c\u1ea5p c\u1ee7a n\u00f3 s\u1ebd kh\u00f4ng \u0111\u01b0\u1ee3c t\u1ed5 ch\u1ee9c tr\u00e1ch nhi\u1ec7m cho b\u1ea5t k\u1ef3 thi\u1ec7t h\u1ea1i s\u1ebd x\u1ea3y ra v\u1edbi vi\u1ec7c s\u1eed d\u1ee5ng hay kh\u00f4ng c\u00f3 kh\u1ea3 n\u0103ng s\u1eed d\u1ee5ng c\u00e1c t\u00e0i li\u1ec7u tr\u00ean<span style=\"font-family: var(--global-body-font-family);\">Cu\u1ed9c H\u1ed3i Sinh <\/span>Trang web, th\u1eadm ch\u00ed n\u1ebfu <span style=\"font-family: var(--global-body-font-family);\">Cu\u1ed9c H\u1ed3i Sinh <\/span><span style=\"font-family: var(--global-body-font-family);\">ho\u1eb7c m\u1ed9t \u1ee7y quy\u1ec1n cho \u0111\u1ea1i di\u1ec7n c\u1ee7a trang Web n\u00e0y \u0111\u00e3 \u0111\u01b0\u1ee3c th\u00f4ng b\u00e1o b\u1eb1ng mi\u1ec7ng ho\u1eb7c vi\u1ebft v\u1ec1 kh\u1ea3 n\u0103ng c\u1ee7a thi\u1ec7t h\u1ea1i nh\u01b0 v\u1eady. M\u1ed9t s\u1ed1 th\u1ea9m quy\u1ec1n kh\u00f4ng cho ph\u00e9p gi\u1edbi h\u1ea1n b\u1ea3o \u0111\u1ea3m hay h\u1ea1n ch\u1ebf c\u1ee7a tr\u00e1ch nhi\u1ec7m cho thi\u1ec7t h\u1ea1i ng\u1eabu nhi\u00ean nh\u1eefng gi\u1edbi h\u1ea1n kh\u00f4ng th\u1ec3 \u00e1p d\u1ee5ng cho anh.<\/span><\/p><h2><span style=\"color: #333333;\">5. S\u1eeda \u0111\u1ed5i v\u00e0 \u0111\u00ednh ch\u00ednh<\/span><\/h2><p>C\u00e1c t\u00e0i li\u1ec7u xu\u1ea5t hi\u1ec7n tr\u00ean cu\u1ed9c S\u1ed1ng H\u1ed3i sinh trang Web c\u00f3 th\u1ec3 bao g\u1ed3m k\u1ef9 thu\u1eadt \u0111\u00e1nh m\u00e1y, ho\u1eb7c l\u1ed7i ch\u1ee5p \u1ea3nh. <span style=\"font-family: var(--global-body-font-family);\">Cu\u1ed9c H\u1ed3i Sinh <\/span><span style=\"font-family: var(--global-body-font-family);\">s\u1ebd kh\u00f4ng h\u1ee9a h\u1eb9n r\u1eb1ng b\u1ea5t c\u1ee9 t\u00e0i li\u1ec7u trong trang Web n\u00e0y l\u00e0 ch\u00ednh x\u00e1c, ho\u00e0n ch\u1ec9nh, ho\u1eb7c hi\u1ec7n t\u1ea1i.<\/span><span style=\"font-family: var(--global-body-font-family);\">Cu\u1ed9c H\u1ed3i Sinh<\/span><span style=\"font-family: var(--global-body-font-family);\">\u00a0c\u00f3 th\u1ec3 thay \u0111\u1ed5i c\u00e1c t\u00e0i li\u1ec7u tr\u00ean trang Web c\u1ee7a m\u00ecnh b\u1ea5t c\u1ee9 l\u00fac n\u00e0o m\u00e0 kh\u00f4ng b\u00e1o tr\u01b0\u1edbc. <\/span><span style=\"font-family: var(--global-body-font-family);\">Cu\u1ed9c H\u1ed3i Sinh <\/span><span style=\"font-family: var(--global-body-font-family);\">kh\u00f4ng th\u1ef1c hi\u1ec7n b\u1ea5t k\u1ef3 cam k\u1ebft \u0111\u1ec3 c\u1eadp nh\u1eadt c\u00e1c t\u00e0i li\u1ec7u.<\/span><\/p><h2><span style=\"color: #333333;\">6. Li\u00ean k\u1ebft<\/span><\/h2><p>Cu\u1ed9c H\u1ed3i sinh \u0111\u00e3 kh\u00f4ng xem x\u00e9t l\u1ea1i t\u1ea5t c\u1ea3 c\u00e1c trang web li\u00ean k\u1ebft t\u1edbi trang Web c\u1ee7a m\u00ecnh v\u00e0 kh\u00f4ng ch\u1ecbu tr\u00e1ch nhi\u1ec7m v\u1ec1 n\u1ed9i dung c\u1ee7a b\u1ea5t k\u1ef3 trang li\u00ean k\u1ebft. S\u1ef1 hi\u1ec7n di\u1ec7n c\u1ee7a b\u1ea5t k\u1ef3 li\u00ean k\u1ebft kh\u00f4ng c\u00f3 ngh\u0129a ch\u1ee9ng th\u1ef1c b\u1edfi <span style=\"font-family: var(--global-body-font-family);\">Cu\u1ed9c H\u1ed3i Sinh <\/span><span style=\"font-family: var(--global-body-font-family);\">trang web. Vi\u1ec7c s\u1eed d\u1ee5ng b\u1ea5t k\u1ef3 li\u00ean k\u1ebft trang web l\u00e0 nh\u1eefng ng\u01b0\u1eddi nguy hi\u1ec3m.<\/span><\/p><h2><span style=\"color: #333333;\">7. \u0110i\u1ec1u S\u1eed d\u1ee5ng s\u1eeda \u0110\u1ed5i<\/span><\/h2><p>Cu\u1ed9c H\u1ed3i sinh c\u00f3 th\u1ec3 s\u1eeda \u0111\u1ed5i nh\u1eefng \u0111i\u1ec1u Kho\u1ea3n S\u1eed d\u1ee5ng cho trang Web c\u1ee7a m\u00ecnh b\u1ea5t c\u1ee9 l\u00fac n\u00e0o m\u00e0 kh\u00f4ng b\u00e1o tr\u01b0\u1edbc. B\u1eb1ng c\u00e1ch s\u1eed d\u1ee5ng trang Web n\u00e0y, anh c\u00f3 \u0111\u1ed3ng \u00fd v\u1edbi phi\u00ean b\u1ea3n hi\u1ec7n t\u1ea1i c\u1ee7a c\u00e1c \u0110i\u1ec1u Kho\u1ea3n c\u1ee7a S\u1eed d\u1ee5ng.<\/p><h2><span style=\"color: #333333;\">8. S\u1ef1 Ri\u00eang T\u01b0 C\u1ee7a B\u1ea1n<\/span><\/h2><p>Xin vui l\u00f2ng \u0111\u1ecdc S\u00e1ch.<\/p><h2><span style=\"color: #333333;\">9. Lu\u1eadt Ph\u00e1p<\/span><\/h2><p>B\u1ea5t k\u1ef3 y\u00eau c\u1ea7u li\u00ean quan \u0111\u1ebfn cu\u1ed9c S\u1ed1ng H\u1ed3i sinh trang Web s\u1ebd \u0111\u01b0\u1ee3c qu\u1ea3n l\u00fd b\u1edfi lu\u1eadt ph\u00e1p c\u1ee7a af m\u00e0 kh\u00f4ng li\u00ean quan \u0111\u1ebfn s\u1ef1 xung \u0111\u1ed9t quy \u0111\u1ecbnh c\u1ee7a ph\u00e1p lu\u1eadt.<\/p>\t\t\t\t\t\t\t\t<\/div>\n\t\t\t\t<\/div>\n\t\t\t\t\t<\/div>\n\t\t<\/div>\n\t\t\t\t\t<\/div>\n\t\t<\/section>\n\t\t\t\t<\/div>","protected":false},"excerpt":{"rendered":"<p>TERMS &amp; CONDITIONS 1. Terms By accessing this Website, accessible from https:\/\/revivalheal.com\/, you are agreeing to be bound by these Website Terms and Conditions of Use and agree that you are responsible for the agreement with any applicable local laws. If you disagree with any of these terms, you are prohibited from accessing this site&#8230;.<\/p>","protected":false},"author":3,"featured_media":377,"parent":0,"menu_order":0,"comment_status":"closed","ping_status":"closed","template":"","meta":{"_kad_post_transparent":"default","_kad_post_title":"hide","_kad_post_layout":"fullwidth","_kad_post_sidebar_id":"","_kad_post_content_style":"unboxed","_kad_post_vertical_padding":"hide","_kad_post_feature":"hide","_kad_post_feature_position":"","_kad_post_header":false,"_kad_post_footer":false,"_kad_post_classname":"","footnotes":""},"class_list":["post-337","page","type-page","status-publish","has-post-thumbnail","hentry"],"yoast_head":"<!-- This site is optimized with the Yoast SEO Premium plugin v20.13 (Yoast SEO v27.3) - https:\/\/yoast.com\/product\/yoast-seo-premium-wordpress\/ -->\n<title>Life Revival | TERMS &amp; CONDITIONS<\/title>\n<meta name=\"description\" content=\"By accessing this Website, accessible from https:\/\/revivalheal.com\/, you are agreeing to be bound by these Website Terms and Conditions of Use and agree that you are responsible for the agreement with any applicable local laws.\" \/>\n<meta name=\"robots\" content=\"index, follow, max-snippet:-1, max-image-preview:large, max-video-preview:-1\" \/>\n<link rel=\"canonical\" href=\"https:\/\/revivalheal.com\/vi\/terms-conditions\/\" \/>\n<meta property=\"og:locale\" content=\"vi_VN\" \/>\n<meta property=\"og:type\" content=\"article\" \/>\n<meta property=\"og:title\" content=\"TERMS &amp; CONDITIONS\" \/>\n<meta property=\"og:description\" content=\"By accessing this Website, accessible from https:\/\/revivalheal.com\/, you are agreeing to be bound by these Website Terms and Conditions of Use and agree that you are responsible for the agreement with any applicable local laws.\" \/>\n<meta property=\"og:url\" content=\"https:\/\/revivalheal.com\/vi\/terms-conditions\/\" \/>\n<meta property=\"og:site_name\" content=\"Life Revival\" \/>\n<meta property=\"article:modified_time\" content=\"2023-09-08T19:15:04+00:00\" \/>\n<meta property=\"og:image\" content=\"https:\/\/revivalheal.com\/wp-content\/uploads\/2023\/09\/liferevival.png\" \/>\n\t<meta property=\"og:image:width\" content=\"1200\" \/>\n\t<meta property=\"og:image:height\" content=\"630\" \/>\n\t<meta property=\"og:image:type\" content=\"image\/png\" \/>\n<meta name=\"twitter:card\" content=\"summary_large_image\" \/>\n<meta name=\"twitter:label1\" content=\"Est. reading time\" \/>\n\t<meta name=\"twitter:data1\" content=\"3 minutes\" \/>\n<script type=\"application\/ld+json\" class=\"yoast-schema-graph\">{\"@context\":\"https:\\\/\\\/schema.org\",\"@graph\":[{\"@type\":\"WebPage\",\"@id\":\"https:\\\/\\\/revivalheal.com\\\/terms-conditions\\\/\",\"url\":\"https:\\\/\\\/revivalheal.com\\\/terms-conditions\\\/\",\"name\":\"Life Revival | TERMS & CONDITIONS\",\"isPartOf\":{\"@id\":\"https:\\\/\\\/revivalheal.com\\\/#website\"},\"primaryImageOfPage\":{\"@id\":\"https:\\\/\\\/revivalheal.com\\\/terms-conditions\\\/#primaryimage\"},\"image\":{\"@id\":\"https:\\\/\\\/revivalheal.com\\\/terms-conditions\\\/#primaryimage\"},\"thumbnailUrl\":\"https:\\\/\\\/revivalheal.com\\\/wp-content\\\/uploads\\\/2023\\\/09\\\/liferevival.png\",\"datePublished\":\"2023-08-26T10:01:58+00:00\",\"dateModified\":\"2023-09-08T19:15:04+00:00\",\"description\":\"By accessing this Website, accessible from https:\\\/\\\/revivalheal.com\\\/, you are agreeing to be bound by these Website Terms and Conditions of Use and agree that you are responsible for the agreement with any applicable local laws.\",\"breadcrumb\":{\"@id\":\"https:\\\/\\\/revivalheal.com\\\/terms-conditions\\\/#breadcrumb\"},\"inLanguage\":\"vi\",\"potentialAction\":[{\"@type\":\"ReadAction\",\"target\":[\"https:\\\/\\\/revivalheal.com\\\/terms-conditions\\\/\"]}]},{\"@type\":\"ImageObject\",\"inLanguage\":\"vi\",\"@id\":\"https:\\\/\\\/revivalheal.com\\\/terms-conditions\\\/#primaryimage\",\"url\":\"https:\\\/\\\/revivalheal.com\\\/wp-content\\\/uploads\\\/2023\\\/09\\\/liferevival.png\",\"contentUrl\":\"https:\\\/\\\/revivalheal.com\\\/wp-content\\\/uploads\\\/2023\\\/09\\\/liferevival.png\",\"width\":1200,\"height\":630},{\"@type\":\"BreadcrumbList\",\"@id\":\"https:\\\/\\\/revivalheal.com\\\/terms-conditions\\\/#breadcrumb\",\"itemListElement\":[{\"@type\":\"ListItem\",\"position\":1,\"name\":\"Home\",\"item\":\"https:\\\/\\\/revivalheal.com\\\/\"},{\"@type\":\"ListItem\",\"position\":2,\"name\":\"TERMS &#038; CONDITIONS\"}]},{\"@type\":\"WebSite\",\"@id\":\"https:\\\/\\\/revivalheal.com\\\/#website\",\"url\":\"https:\\\/\\\/revivalheal.com\\\/\",\"name\":\"Life Revival\",\"description\":\"\",\"publisher\":{\"@id\":\"https:\\\/\\\/revivalheal.com\\\/#organization\"},\"potentialAction\":[{\"@type\":\"SearchAction\",\"target\":{\"@type\":\"EntryPoint\",\"urlTemplate\":\"https:\\\/\\\/revivalheal.com\\\/?s={search_term_string}\"},\"query-input\":{\"@type\":\"PropertyValueSpecification\",\"valueRequired\":true,\"valueName\":\"search_term_string\"}}],\"inLanguage\":\"vi\"},{\"@type\":\"Organization\",\"@id\":\"https:\\\/\\\/revivalheal.com\\\/#organization\",\"name\":\"Life Revival\",\"url\":\"https:\\\/\\\/revivalheal.com\\\/\",\"logo\":{\"@type\":\"ImageObject\",\"inLanguage\":\"vi\",\"@id\":\"https:\\\/\\\/revivalheal.com\\\/#\\\/schema\\\/logo\\\/image\\\/\",\"url\":\"https:\\\/\\\/revivalheal.com\\\/wp-content\\\/uploads\\\/2023\\\/06\\\/liferevival-e1686929461706.png\",\"contentUrl\":\"https:\\\/\\\/revivalheal.com\\\/wp-content\\\/uploads\\\/2023\\\/06\\\/liferevival-e1686929461706.png\",\"width\":770,\"height\":115,\"caption\":\"Life Revival\"},\"image\":{\"@id\":\"https:\\\/\\\/revivalheal.com\\\/#\\\/schema\\\/logo\\\/image\\\/\"}}]}<\/script>\n<!-- \/ Yoast SEO Premium plugin. -->","yoast_head_json":{"title":"Life Revival | TERMS & CONDITIONS","description":"By accessing this Website, accessible from https:\/\/revivalheal.com\/, you are agreeing to be bound by these Website Terms and Conditions of Use and agree that you are responsible for the agreement with any applicable local laws.","robots":{"index":"index","follow":"follow","max-snippet":"max-snippet:-1","max-image-preview":"max-image-preview:large","max-video-preview":"max-video-preview:-1"},"canonical":"https:\/\/revivalheal.com\/vi\/terms-conditions\/","og_locale":"vi_VN","og_type":"article","og_title":"TERMS & CONDITIONS","og_description":"By accessing this Website, accessible from https:\/\/revivalheal.com\/, you are agreeing to be bound by these Website Terms and Conditions of Use and agree that you are responsible for the agreement with any applicable local laws.","og_url":"https:\/\/revivalheal.com\/vi\/terms-conditions\/","og_site_name":"Life Revival","article_modified_time":"2023-09-08T19:15:04+00:00","og_image":[{"width":1200,"height":630,"url":"https:\/\/revivalheal.com\/wp-content\/uploads\/2023\/09\/liferevival.png","type":"image\/png"}],"twitter_card":"summary_large_image","twitter_misc":{"Est. reading time":"3 minutes"},"schema":{"@context":"https:\/\/schema.org","@graph":[{"@type":"WebPage","@id":"https:\/\/revivalheal.com\/terms-conditions\/","url":"https:\/\/revivalheal.com\/terms-conditions\/","name":"Life Revival | TERMS & CONDITIONS","isPartOf":{"@id":"https:\/\/revivalheal.com\/#website"},"primaryImageOfPage":{"@id":"https:\/\/revivalheal.com\/terms-conditions\/#primaryimage"},"image":{"@id":"https:\/\/revivalheal.com\/terms-conditions\/#primaryimage"},"thumbnailUrl":"https:\/\/revivalheal.com\/wp-content\/uploads\/2023\/09\/liferevival.png","datePublished":"2023-08-26T10:01:58+00:00","dateModified":"2023-09-08T19:15:04+00:00","description":"By accessing this Website, accessible from https:\/\/revivalheal.com\/, you are agreeing to be bound by these Website Terms and Conditions of Use and agree that you are responsible for the agreement with any applicable local laws.","breadcrumb":{"@id":"https:\/\/revivalheal.com\/terms-conditions\/#breadcrumb"},"inLanguage":"vi","potentialAction":[{"@type":"ReadAction","target":["https:\/\/revivalheal.com\/terms-conditions\/"]}]},{"@type":"ImageObject","inLanguage":"vi","@id":"https:\/\/revivalheal.com\/terms-conditions\/#primaryimage","url":"https:\/\/revivalheal.com\/wp-content\/uploads\/2023\/09\/liferevival.png","contentUrl":"https:\/\/revivalheal.com\/wp-content\/uploads\/2023\/09\/liferevival.png","width":1200,"height":630},{"@type":"BreadcrumbList","@id":"https:\/\/revivalheal.com\/terms-conditions\/#breadcrumb","itemListElement":[{"@type":"ListItem","position":1,"name":"Home","item":"https:\/\/revivalheal.com\/"},{"@type":"ListItem","position":2,"name":"TERMS &#038; CONDITIONS"}]},{"@type":"WebSite","@id":"https:\/\/revivalheal.com\/#website","url":"https:\/\/revivalheal.com\/","name":"Cu\u1ed9c H\u1ed3i Sinh","description":"","publisher":{"@id":"https:\/\/revivalheal.com\/#organization"},"potentialAction":[{"@type":"SearchAction","target":{"@type":"EntryPoint","urlTemplate":"https:\/\/revivalheal.com\/?s={search_term_string}"},"query-input":{"@type":"PropertyValueSpecification","valueRequired":true,"valueName":"search_term_string"}}],"inLanguage":"vi"},{"@type":"Organization","@id":"https:\/\/revivalheal.com\/#organization","name":"Cu\u1ed9c H\u1ed3i Sinh","url":"https:\/\/revivalheal.com\/","logo":{"@type":"ImageObject","inLanguage":"vi","@id":"https:\/\/revivalheal.com\/#\/schema\/logo\/image\/","url":"https:\/\/revivalheal.com\/wp-content\/uploads\/2023\/06\/liferevival-e1686929461706.png","contentUrl":"https:\/\/revivalheal.com\/wp-content\/uploads\/2023\/06\/liferevival-e1686929461706.png","width":770,"height":115,"caption":"Life Revival"},"image":{"@id":"https:\/\/revivalheal.com\/#\/schema\/logo\/image\/"}}]}},"_links":{"self":[{"href":"https:\/\/revivalheal.com\/vi\/wp-json\/wp\/v2\/pages\/337","targetHints":{"allow":["GET"]}}],"collection":[{"href":"https:\/\/revivalheal.com\/vi\/wp-json\/wp\/v2\/pages"}],"about":[{"href":"https:\/\/revivalheal.com\/vi\/wp-json\/wp\/v2\/types\/page"}],"author":[{"embeddable":true,"href":"https:\/\/revivalheal.com\/vi\/wp-json\/wp\/v2\/users\/3"}],"replies":[{"embeddable":true,"href":"https:\/\/revivalheal.com\/vi\/wp-json\/wp\/v2\/comments?post=337"}],"version-history":[{"count":0,"href":"https:\/\/revivalheal.com\/vi\/wp-json\/wp\/v2\/pages\/337\/revisions"}],"wp:featuredmedia":[{"embeddable":true,"href":"https:\/\/revivalheal.com\/vi\/wp-json\/wp\/v2\/media\/377"}],"wp:attachment":[{"href":"https:\/\/revivalheal.com\/vi\/wp-json\/wp\/v2\/media?parent=337"}],"curies":[{"name":"wp","href":"https:\/\/api.w.org\/{rel}","templated":true}]}}