{"id":333,"date":"2023-08-26T09:47:09","date_gmt":"2023-08-26T09:47:09","guid":{"rendered":"https:\/\/liferevivalstg.wpengine.com\/?page_id=333"},"modified":"2023-09-08T19:14:19","modified_gmt":"2023-09-08T19:14:19","slug":"privacy-policy","status":"publish","type":"page","link":"https:\/\/revivalheal.com\/vi\/privacy-policy\/","title":{"rendered":"PRIVACY POLICY"},"content":{"rendered":"<div data-elementor-type=\"wp-page\" data-elementor-id=\"333\" class=\"elementor elementor-333\" data-elementor-post-type=\"page\">\n\t\t\t\t\t\t<section class=\"elementor-section elementor-top-section elementor-element elementor-element-45fb648 elementor-section-content-middle elementor-section-height-min-height elementor-section-boxed elementor-section-height-default elementor-section-items-middle\" data-id=\"45fb648\" data-element_type=\"section\" data-e-type=\"section\" data-settings=\"{&quot;background_background&quot;:&quot;classic&quot;}\">\n\t\t\t\t\t\t\t<div class=\"elementor-background-overlay\"><\/div>\n\t\t\t\t\t\t\t<div class=\"elementor-container elementor-column-gap-default\">\n\t\t\t\t\t<div class=\"elementor-column elementor-col-100 elementor-top-column elementor-element elementor-element-4aad0fc\" data-id=\"4aad0fc\" data-element_type=\"column\" data-e-type=\"column\">\n\t\t\t<div class=\"elementor-widget-wrap elementor-element-populated\">\n\t\t\t\t\t\t<div class=\"elementor-element elementor-element-586f639 elementor-headline--style-highlight elementor-widget elementor-widget-animated-headline\" data-id=\"586f639\" data-element_type=\"widget\" data-e-type=\"widget\" data-settings=\"{&quot;highlighted_text&quot;:&quot;POLICY&quot;,&quot;headline_style&quot;:&quot;highlight&quot;,&quot;marker&quot;:&quot;circle&quot;,&quot;loop&quot;:&quot;yes&quot;,&quot;highlight_animation_duration&quot;:1200,&quot;highlight_iteration_delay&quot;:8000}\" data-widget_type=\"animated-headline.default\">\n\t\t\t\t<div class=\"elementor-widget-container\">\n\t\t\t\t\t\t\t<h1 class=\"elementor-headline\">\n\t\t\t\t\t<span class=\"elementor-headline-plain-text elementor-headline-text-wrapper\">S\u1ef0 RI\u00caNG T\u01af <\/span>\n\t\t\t\t<span class=\"elementor-headline-dynamic-wrapper elementor-headline-text-wrapper\">\n\t\t\t\t\t<span class=\"elementor-headline-dynamic-text elementor-headline-text-active\">CH\u00cdNH S\u00c1CH<\/span>\n\t\t\t\t<\/span>\n\t\t\t\t<\/h1>\n\t\t\t\t\t\t<\/div>\n\t\t\t\t<\/div>\n\t\t\t\t\t<\/div>\n\t\t<\/div>\n\t\t\t\t\t<\/div>\n\t\t<\/section>\n\t\t\t\t<section class=\"elementor-section elementor-top-section elementor-element elementor-element-5f221c00 elementor-section-boxed elementor-section-height-default elementor-section-height-default\" data-id=\"5f221c00\" data-element_type=\"section\" data-e-type=\"section\">\n\t\t\t\t\t\t<div class=\"elementor-container elementor-column-gap-default\">\n\t\t\t\t\t<div class=\"elementor-column elementor-col-100 elementor-top-column elementor-element elementor-element-315df193\" data-id=\"315df193\" data-element_type=\"column\" data-e-type=\"column\">\n\t\t\t<div class=\"elementor-widget-wrap elementor-element-populated\">\n\t\t\t\t\t\t<div class=\"elementor-element elementor-element-72289ced elementor-widget elementor-widget-text-editor\" data-id=\"72289ced\" data-element_type=\"widget\" data-e-type=\"widget\" data-widget_type=\"text-editor.default\">\n\t\t\t\t<div class=\"elementor-widget-container\">\n\t\t\t\t\t\t\t\t\t<p>Ch\u00ednh s\u00e1ch quy\u1ec1n ri\u00eang t\u01b0 n\u00e0y (\u201cch\u00ednh s\u00e1ch\u201d) s\u1ebd gi\u00fap b\u1ea1n hi\u1ec3u c\u00e1ch Life Revival s\u1eed d\u1ee5ng v\u00e0 b\u1ea3o v\u1ec7 d\u1eef li\u1ec7u b\u1ea1n cung c\u1ea5p cho ch\u00fang t\u00f4i khi b\u1ea1n truy c\u1eadp v\u00e0 s\u1eed d\u1ee5ng <span style=\"text-decoration: underline; color: #333333;\"><strong><a style=\"color: #333333; text-decoration: underline;\" href=\"https:\/\/revivalheal.com\/vi\/\">https:\/\/revivalheal.com\/<\/a><\/strong><\/span><\/p><p>Ch\u00fang t\u00f4i c\u00f3 quy\u1ec1n thay \u0111\u1ed5i ch\u00ednh s\u00e1ch n\u00e0y v\u00e0o b\u1ea5t k\u1ef3 th\u1eddi \u0111i\u1ec3m n\u00e0o v\u00e0 b\u1ea1n s\u1ebd \u0111\u01b0\u1ee3c c\u1eadp nh\u1eadt k\u1ecbp th\u1eddi. N\u1ebfu b\u1ea1n mu\u1ed1n \u0111\u1ea3m b\u1ea3o r\u1eb1ng b\u1ea1n \u0111\u01b0\u1ee3c c\u1eadp nh\u1eadt nh\u1eefng thay \u0111\u1ed5i m\u1edbi nh\u1ea5t, ch\u00fang t\u00f4i khuy\u00ean b\u1ea1n n\u00ean th\u01b0\u1eddng xuy\u00ean truy c\u1eadp trang n\u00e0y.<\/p><h2><span style=\"color: #333333;\">D\u1eef li\u1ec7u ng\u01b0\u1eddi d\u00f9ng n\u00e0o ch\u00fang t\u00f4i thu th\u1eadp<\/span><\/h2><p>When you visit the website, we may collect the following data:<\/p><ul><li>Your IP address.<\/li><li>Your contact information and email address.<\/li><li>C\u00e1c th\u00f4ng tin kh\u00e1c nh\u01b0 s\u1edf th\u00edch v\u00e0 s\u1edf th\u00edch.<\/li><li>H\u1ed3 s\u01a1 d\u1eef li\u1ec7u li\u00ean quan \u0111\u1ebfn h\u00e0nh vi tr\u1ef1c tuy\u1ebfn c\u1ee7a b\u1ea1n tr\u00ean trang web c\u1ee7a ch\u00fang t\u00f4i.<\/li><\/ul><h2><span style=\"color: #333333;\"><b>T\u1ea1i sao ch\u00fang t\u00f4i thu th\u1eadp d\u1eef li\u1ec7u c\u1ee7a b\u1ea1n<\/b><\/span><\/h2><p>Ch\u00fang t\u00f4i \u0111ang thu th\u1eadp d\u1eef li\u1ec7u c\u1ee7a b\u1ea1n v\u00ec m\u1ed9t s\u1ed1 l\u00fd do:<\/p><ul><li>\u0110\u1ec3 hi\u1ec3u r\u00f5 h\u01a1n nhu c\u1ea7u c\u1ee7a b\u1ea1n.<\/li><li>\u0110\u1ec3 c\u1ea3i thi\u1ec7n d\u1ecbch v\u1ee5 v\u00e0 s\u1ea3n ph\u1ea9m c\u1ee7a ch\u00fang t\u00f4i.<\/li><li>\u0110\u1ec3 g\u1eedi cho b\u1ea1n c\u00e1c email qu\u1ea3ng c\u00e1o c\u00f3 ch\u1ee9a th\u00f4ng tin m\u00e0 ch\u00fang t\u00f4i cho r\u1eb1ng b\u1ea1n s\u1ebd th\u1ea5y th\u00fa v\u1ecb.<\/li><li>\u0110\u1ec3 li\u00ean h\u1ec7 v\u1edbi b\u1ea1n \u0111\u1ec3 \u0111i\u1ec1n v\u00e0o c\u00e1c b\u1ea3n kh\u1ea3o s\u00e1t v\u00e0 tham gia v\u00e0o c\u00e1c lo\u1ea1i nghi\u00ean c\u1ee9u th\u1ecb tr\u01b0\u1eddng kh\u00e1c.<\/li><li>\u0110\u1ec3 t\u00f9y ch\u1ec9nh trang web c\u1ee7a ch\u00fang t\u00f4i theo h\u00e0nh vi tr\u1ef1c tuy\u1ebfn v\u00e0 s\u1edf th\u00edch c\u00e1 nh\u00e2n c\u1ee7a b\u1ea1n.<\/li><\/ul><h2><span style=\"color: #333333;\"><b>B\u1ea3o v\u1ec7 v\u00e0 b\u1ea3o m\u1eadt d\u1eef li\u1ec7u<\/b><\/span><\/h2><p>Life Revival cam k\u1ebft b\u1ea3o m\u1eadt d\u1eef li\u1ec7u c\u1ee7a b\u1ea1n v\u00e0 gi\u1eef b\u00ed m\u1eadt. Life Revival\u00a0\u0111\u00e3 n\u1ed7 l\u1ef1c h\u1ebft s\u1ee9c \u0111\u1ec3 ng\u0103n ch\u1eb7n h\u00e0nh vi tr\u1ed9m c\u1eafp d\u1eef li\u1ec7u, truy c\u1eadp tr\u00e1i ph\u00e9p v\u00e0 ti\u1ebft l\u1ed9 th\u00f4ng tin b\u1eb1ng c\u00e1ch tri\u1ec3n khai c\u00e1c c\u00f4ng ngh\u1ec7 v\u00e0 ph\u1ea7n m\u1ec1m m\u1edbi nh\u1ea5t gi\u00fap ch\u00fang t\u00f4i b\u1ea3o v\u1ec7 t\u1ea5t c\u1ea3 th\u00f4ng tin ch\u00fang t\u00f4i thu th\u1eadp tr\u1ef1c tuy\u1ebfn.<\/p><h2><span style=\"color: #333333;\"><b>Ch\u00ednh s\u00e1ch cookie c\u1ee7a ch\u00fang t\u00f4i<\/b><\/span><\/h2><p>Khi b\u1ea1n \u0111\u1ed3ng \u00fd cho ph\u00e9p trang web c\u1ee7a ch\u00fang t\u00f4i s\u1eed d\u1ee5ng cookie, b\u1ea1n c\u0169ng \u0111\u1ed3ng \u00fd s\u1eed d\u1ee5ng d\u1eef li\u1ec7u m\u00e0 trang web thu th\u1eadp li\u00ean quan \u0111\u1ebfn h\u00e0nh vi tr\u1ef1c tuy\u1ebfn c\u1ee7a b\u1ea1n (ph\u00e2n t\u00edch l\u01b0u l\u01b0\u1ee3ng truy c\u1eadp trang web, c\u00e1c trang web b\u1ea1n d\u00e0nh nhi\u1ec1u th\u1eddi gian nh\u1ea5t v\u00e0 c\u00e1c trang web b\u1ea1n truy c\u1eadp).<\/p><p>D\u1eef li\u1ec7u ch\u00fang t\u00f4i thu th\u1eadp b\u1eb1ng c\u00e1ch s\u1eed d\u1ee5ng cookie \u0111\u01b0\u1ee3c s\u1eed d\u1ee5ng \u0111\u1ec3 t\u00f9y ch\u1ec9nh trang web c\u1ee7a ch\u00fang t\u00f4i theo nhu c\u1ea7u c\u1ee7a b\u1ea1n. Sau khi ch\u00fang t\u00f4i s\u1eed d\u1ee5ng d\u1eef li\u1ec7u \u0111\u1ec3 ph\u00e2n t\u00edch th\u1ed1ng k\u00ea, d\u1eef li\u1ec7u s\u1ebd b\u1ecb x\u00f3a ho\u00e0n to\u00e0n kh\u1ecfi h\u1ec7 th\u1ed1ng c\u1ee7a ch\u00fang t\u00f4i.<\/p><p>Xin l\u01b0u \u00fd r\u1eb1ng cookie kh\u00f4ng cho ph\u00e9p ch\u00fang t\u00f4i gi\u00e0nh quy\u1ec1n ki\u1ec3m so\u00e1t m\u00e1y t\u00ednh c\u1ee7a b\u1ea1n d\u01b0\u1edbi b\u1ea5t k\u1ef3 h\u00ecnh th\u1ee9c n\u00e0o. Ch\u00fang \u0111\u01b0\u1ee3c s\u1eed d\u1ee5ng nghi\u00eam ng\u1eb7t \u0111\u1ec3 gi\u00e1m s\u00e1t nh\u1eefng trang b\u1ea1n th\u1ea5y h\u1eefu \u00edch v\u00e0 trang n\u00e0o b\u1ea1n th\u1ea5y kh\u00f4ng h\u1eefu \u00edch \u0111\u1ec3 ch\u00fang t\u00f4i c\u00f3 th\u1ec3 cung c\u1ea5p tr\u1ea3i nghi\u1ec7m t\u1ed1t h\u01a1n cho b\u1ea1n.<\/p><p>N\u1ebfu b\u1ea1n mu\u1ed1n t\u1eaft cookie, b\u1ea1n c\u00f3 th\u1ec3 th\u1ef1c hi\u1ec7n b\u1eb1ng c\u00e1ch truy c\u1eadp c\u00e0i \u0111\u1eb7t tr\u00ecnh duy\u1ec7t internet c\u1ee7a m\u00ecnh. (Cung c\u1ea5p li\u00ean k\u1ebft c\u00e0i \u0111\u1eb7t cookie cho c\u00e1c tr\u00ecnh duy\u1ec7t internet ch\u00ednh).<\/p><h2><span style=\"color: #333333;\"><b>Li\u00ean k\u1ebft \u0111\u1ebfn c\u00e1c trang web kh\u00e1c<\/b><\/span><\/h2><p>Trang web c\u1ee7a ch\u00fang t\u00f4i ch\u1ee9a c\u00e1c li\u00ean k\u1ebft d\u1eabn \u0111\u1ebfn c\u00e1c trang web kh\u00e1c. N\u1ebfu b\u1ea1n nh\u1ea5p v\u00e0o c\u00e1c li\u00ean k\u1ebft n\u00e0y, Life Revival\u00a0kh\u00f4ng ch\u1ecbu tr\u00e1ch nhi\u1ec7m v\u1ec1 vi\u1ec7c b\u1ea3o v\u1ec7 d\u1eef li\u1ec7u v\u00e0 quy\u1ec1n ri\u00eang t\u01b0 c\u1ee7a b\u1ea1n. Vi\u1ec7c truy c\u1eadp c\u00e1c trang web \u0111\u00f3 kh\u00f4ng b\u1ecb chi ph\u1ed1i b\u1edfi th\u1ecfa thu\u1eadn ch\u00ednh s\u00e1ch b\u1ea3o m\u1eadt n\u00e0y. \u0110\u1ea3m b\u1ea3o \u0111\u1ecdc t\u00e0i li\u1ec7u v\u1ec1 ch\u00ednh s\u00e1ch b\u1ea3o m\u1eadt c\u1ee7a trang web b\u1ea1n truy c\u1eadp t\u1eeb trang web c\u1ee7a ch\u00fang t\u00f4i.<\/p><h2><span style=\"color: #333333;\"><b>H\u1ea1n ch\u1ebf thu th\u1eadp d\u1eef li\u1ec7u c\u00e1 nh\u00e2n c\u1ee7a b\u1ea1n<\/b><\/span><\/h2><p>T\u1ea1i m\u1ed9t s\u1ed1 th\u1eddi \u0111i\u1ec3m, b\u1ea1n c\u00f3 th\u1ec3 mu\u1ed1n h\u1ea1n ch\u1ebf vi\u1ec7c s\u1eed d\u1ee5ng v\u00e0 thu th\u1eadp d\u1eef li\u1ec7u c\u00e1 nh\u00e2n c\u1ee7a m\u00ecnh. B\u1ea1n c\u00f3 th\u1ec3 \u0111\u1ea1t \u0111\u01b0\u1ee3c \u0111i\u1ec1u n\u00e0y b\u1eb1ng c\u00e1ch l\u00e0m nh\u01b0 sau:<\/p><p>Khi b\u1ea1n \u0111i\u1ec1n c\u00e1c bi\u1ec3u m\u1eabu tr\u00ean trang web, h\u00e3y \u0111\u1ea3m b\u1ea3o ki\u1ec3m tra xem c\u00f3 \u00f4 n\u00e0o m\u00e0 b\u1ea1n c\u00f3 th\u1ec3 b\u1ecf ch\u1ecdn n\u1ebfu b\u1ea1n kh\u00f4ng mu\u1ed1n ti\u1ebft l\u1ed9 th\u00f4ng tin c\u00e1 nh\u00e2n c\u1ee7a m\u00ecnh.<\/p><p>N\u1ebfu b\u1ea1n \u0111\u00e3 \u0111\u1ed3ng \u00fd chia s\u1ebb th\u00f4ng tin c\u1ee7a m\u00ecnh v\u1edbi ch\u00fang t\u00f4i, vui l\u00f2ng li\u00ean h\u1ec7 v\u1edbi ch\u00fang t\u00f4i qua email v\u00e0 ch\u00fang t\u00f4i s\u1ebd r\u1ea5t vui l\u00f2ng thay \u0111\u1ed5i \u0111i\u1ec1u n\u00e0y cho b\u1ea1n.<\/p><p>Life Revival s\u1ebd kh\u00f4ng cho thu\u00ea, b\u00e1n ho\u1eb7c ph\u00e2n ph\u1ed1i th\u00f4ng tin c\u00e1 nh\u00e2n c\u1ee7a b\u1ea1n cho b\u1ea5t k\u1ef3 b\u00ean th\u1ee9 ba n\u00e0o, tr\u1eeb khi ch\u00fang t\u00f4i \u0111\u01b0\u1ee3c s\u1ef1 cho ph\u00e9p c\u1ee7a b\u1ea1n. Ch\u00fang t\u00f4i c\u00f3 th\u1ec3 l\u00e0m nh\u01b0 v\u1eady n\u1ebfu lu\u1eadt ph\u00e1p bu\u1ed9c ch\u00fang t\u00f4i ph\u1ea3i l\u00e0m v\u1eady. Th\u00f4ng tin c\u00e1 nh\u00e2n c\u1ee7a b\u1ea1n s\u1ebd \u0111\u01b0\u1ee3c s\u1eed d\u1ee5ng khi ch\u00fang t\u00f4i c\u1ea7n g\u1eedi cho b\u1ea1n t\u00e0i li\u1ec7u qu\u1ea3ng c\u00e1o n\u1ebfu b\u1ea1n \u0111\u1ed3ng \u00fd v\u1edbi ch\u00ednh s\u00e1ch b\u1ea3o m\u1eadt n\u00e0y.<\/p>\t\t\t\t\t\t\t\t<\/div>\n\t\t\t\t<\/div>\n\t\t\t\t\t<\/div>\n\t\t<\/div>\n\t\t\t\t\t<\/div>\n\t\t<\/section>\n\t\t\t\t<\/div>","protected":false},"excerpt":{"rendered":"<p>PRIVACY POLICY This privacy policy (&#8220;policy&#8221;) will help you understand how Life Revival uses and protects the data you provide to us when you visit and use https:\/\/revivalheal.com\/ We reserve the right to change this policy at any given time, of which you will be promptly updated. If you want to make sure that you&#8230;<\/p>","protected":false},"author":3,"featured_media":377,"parent":0,"menu_order":0,"comment_status":"closed","ping_status":"closed","template":"elementor_header_footer","meta":{"_kad_post_transparent":"default","_kad_post_title":"hide","_kad_post_layout":"fullwidth","_kad_post_sidebar_id":"","_kad_post_content_style":"unboxed","_kad_post_vertical_padding":"hide","_kad_post_feature":"hide","_kad_post_feature_position":"","_kad_post_header":false,"_kad_post_footer":false,"_kad_post_classname":"","footnotes":""},"class_list":["post-333","page","type-page","status-publish","has-post-thumbnail","hentry"],"yoast_head":"<!-- This site is optimized with the Yoast SEO Premium plugin v20.13 (Yoast SEO v27.4) - https:\/\/yoast.com\/product\/yoast-seo-premium-wordpress\/ -->\n<title>Life Revival | PRIVACY POLICY<\/title>\n<meta name=\"description\" content=\"This privacy policy (\u201cpolicy\u201d) will help you understand how Life Revival uses and protects the data you provide to us when you visit and use https:\/\/revivalheal.com\/\" \/>\n<meta name=\"robots\" content=\"index, follow, max-snippet:-1, max-image-preview:large, max-video-preview:-1\" \/>\n<link rel=\"canonical\" href=\"https:\/\/revivalheal.com\/vi\/privacy-policy\/\" \/>\n<meta property=\"og:locale\" content=\"vi_VN\" \/>\n<meta property=\"og:type\" content=\"article\" \/>\n<meta property=\"og:title\" content=\"PRIVACY POLICY\" \/>\n<meta property=\"og:description\" content=\"This privacy policy (\u201cpolicy\u201d) will help you understand how Life Revival uses and protects the data you provide to us when you visit and use https:\/\/revivalheal.com\/\" \/>\n<meta property=\"og:url\" content=\"https:\/\/revivalheal.com\/vi\/privacy-policy\/\" \/>\n<meta property=\"og:site_name\" content=\"Life Revival\" \/>\n<meta property=\"article:modified_time\" content=\"2023-09-08T19:14:19+00:00\" \/>\n<meta property=\"og:image\" content=\"https:\/\/revivalheal.com\/wp-content\/uploads\/2023\/09\/liferevival.png\" \/>\n\t<meta property=\"og:image:width\" content=\"1200\" \/>\n\t<meta property=\"og:image:height\" content=\"630\" \/>\n\t<meta property=\"og:image:type\" content=\"image\/png\" \/>\n<meta name=\"twitter:card\" content=\"summary_large_image\" \/>\n<meta name=\"twitter:label1\" content=\"Est. reading time\" \/>\n\t<meta name=\"twitter:data1\" content=\"3 minutes\" \/>\n<script type=\"application\/ld+json\" class=\"yoast-schema-graph\">{\"@context\":\"https:\\\/\\\/schema.org\",\"@graph\":[{\"@type\":\"WebPage\",\"@id\":\"https:\\\/\\\/revivalheal.com\\\/privacy-policy\\\/\",\"url\":\"https:\\\/\\\/revivalheal.com\\\/privacy-policy\\\/\",\"name\":\"Life Revival | PRIVACY POLICY\",\"isPartOf\":{\"@id\":\"https:\\\/\\\/revivalheal.com\\\/#website\"},\"primaryImageOfPage\":{\"@id\":\"https:\\\/\\\/revivalheal.com\\\/privacy-policy\\\/#primaryimage\"},\"image\":{\"@id\":\"https:\\\/\\\/revivalheal.com\\\/privacy-policy\\\/#primaryimage\"},\"thumbnailUrl\":\"https:\\\/\\\/revivalheal.com\\\/wp-content\\\/uploads\\\/2023\\\/09\\\/liferevival.png\",\"datePublished\":\"2023-08-26T09:47:09+00:00\",\"dateModified\":\"2023-09-08T19:14:19+00:00\",\"description\":\"This privacy policy (\u201cpolicy\u201d) will help you understand how Life Revival uses and protects the data you provide to us when you visit and use https:\\\/\\\/revivalheal.com\\\/\",\"breadcrumb\":{\"@id\":\"https:\\\/\\\/revivalheal.com\\\/privacy-policy\\\/#breadcrumb\"},\"inLanguage\":\"vi\",\"potentialAction\":[{\"@type\":\"ReadAction\",\"target\":[\"https:\\\/\\\/revivalheal.com\\\/privacy-policy\\\/\"]}]},{\"@type\":\"ImageObject\",\"inLanguage\":\"vi\",\"@id\":\"https:\\\/\\\/revivalheal.com\\\/privacy-policy\\\/#primaryimage\",\"url\":\"https:\\\/\\\/revivalheal.com\\\/wp-content\\\/uploads\\\/2023\\\/09\\\/liferevival.png\",\"contentUrl\":\"https:\\\/\\\/revivalheal.com\\\/wp-content\\\/uploads\\\/2023\\\/09\\\/liferevival.png\",\"width\":1200,\"height\":630},{\"@type\":\"BreadcrumbList\",\"@id\":\"https:\\\/\\\/revivalheal.com\\\/privacy-policy\\\/#breadcrumb\",\"itemListElement\":[{\"@type\":\"ListItem\",\"position\":1,\"name\":\"Home\",\"item\":\"https:\\\/\\\/revivalheal.com\\\/\"},{\"@type\":\"ListItem\",\"position\":2,\"name\":\"PRIVACY POLICY\"}]},{\"@type\":\"WebSite\",\"@id\":\"https:\\\/\\\/revivalheal.com\\\/#website\",\"url\":\"https:\\\/\\\/revivalheal.com\\\/\",\"name\":\"Life Revival\",\"description\":\"\",\"publisher\":{\"@id\":\"https:\\\/\\\/revivalheal.com\\\/#organization\"},\"potentialAction\":[{\"@type\":\"SearchAction\",\"target\":{\"@type\":\"EntryPoint\",\"urlTemplate\":\"https:\\\/\\\/revivalheal.com\\\/?s={search_term_string}\"},\"query-input\":{\"@type\":\"PropertyValueSpecification\",\"valueRequired\":true,\"valueName\":\"search_term_string\"}}],\"inLanguage\":\"vi\"},{\"@type\":\"Organization\",\"@id\":\"https:\\\/\\\/revivalheal.com\\\/#organization\",\"name\":\"Life Revival\",\"url\":\"https:\\\/\\\/revivalheal.com\\\/\",\"logo\":{\"@type\":\"ImageObject\",\"inLanguage\":\"vi\",\"@id\":\"https:\\\/\\\/revivalheal.com\\\/#\\\/schema\\\/logo\\\/image\\\/\",\"url\":\"https:\\\/\\\/revivalheal.com\\\/wp-content\\\/uploads\\\/2023\\\/06\\\/liferevival-e1686929461706.png\",\"contentUrl\":\"https:\\\/\\\/revivalheal.com\\\/wp-content\\\/uploads\\\/2023\\\/06\\\/liferevival-e1686929461706.png\",\"width\":770,\"height\":115,\"caption\":\"Life Revival\"},\"image\":{\"@id\":\"https:\\\/\\\/revivalheal.com\\\/#\\\/schema\\\/logo\\\/image\\\/\"}}]}<\/script>\n<!-- \/ Yoast SEO Premium plugin. -->","yoast_head_json":{"title":"Life Revival | PRIVACY POLICY","description":"This privacy policy (\u201cpolicy\u201d) will help you understand how Life Revival uses and protects the data you provide to us when you visit and use https:\/\/revivalheal.com\/","robots":{"index":"index","follow":"follow","max-snippet":"max-snippet:-1","max-image-preview":"max-image-preview:large","max-video-preview":"max-video-preview:-1"},"canonical":"https:\/\/revivalheal.com\/vi\/privacy-policy\/","og_locale":"vi_VN","og_type":"article","og_title":"PRIVACY POLICY","og_description":"This privacy policy (\u201cpolicy\u201d) will help you understand how Life Revival uses and protects the data you provide to us when you visit and use https:\/\/revivalheal.com\/","og_url":"https:\/\/revivalheal.com\/vi\/privacy-policy\/","og_site_name":"Life Revival","article_modified_time":"2023-09-08T19:14:19+00:00","og_image":[{"width":1200,"height":630,"url":"https:\/\/revivalheal.com\/wp-content\/uploads\/2023\/09\/liferevival.png","type":"image\/png"}],"twitter_card":"summary_large_image","twitter_misc":{"Est. reading time":"3 minutes"},"schema":{"@context":"https:\/\/schema.org","@graph":[{"@type":"WebPage","@id":"https:\/\/revivalheal.com\/privacy-policy\/","url":"https:\/\/revivalheal.com\/privacy-policy\/","name":"Life Revival | PRIVACY POLICY","isPartOf":{"@id":"https:\/\/revivalheal.com\/#website"},"primaryImageOfPage":{"@id":"https:\/\/revivalheal.com\/privacy-policy\/#primaryimage"},"image":{"@id":"https:\/\/revivalheal.com\/privacy-policy\/#primaryimage"},"thumbnailUrl":"https:\/\/revivalheal.com\/wp-content\/uploads\/2023\/09\/liferevival.png","datePublished":"2023-08-26T09:47:09+00:00","dateModified":"2023-09-08T19:14:19+00:00","description":"This privacy policy (\u201cpolicy\u201d) will help you understand how Life Revival uses and protects the data you provide to us when you visit and use https:\/\/revivalheal.com\/","breadcrumb":{"@id":"https:\/\/revivalheal.com\/privacy-policy\/#breadcrumb"},"inLanguage":"vi","potentialAction":[{"@type":"ReadAction","target":["https:\/\/revivalheal.com\/privacy-policy\/"]}]},{"@type":"ImageObject","inLanguage":"vi","@id":"https:\/\/revivalheal.com\/privacy-policy\/#primaryimage","url":"https:\/\/revivalheal.com\/wp-content\/uploads\/2023\/09\/liferevival.png","contentUrl":"https:\/\/revivalheal.com\/wp-content\/uploads\/2023\/09\/liferevival.png","width":1200,"height":630},{"@type":"BreadcrumbList","@id":"https:\/\/revivalheal.com\/privacy-policy\/#breadcrumb","itemListElement":[{"@type":"ListItem","position":1,"name":"Home","item":"https:\/\/revivalheal.com\/"},{"@type":"ListItem","position":2,"name":"PRIVACY POLICY"}]},{"@type":"WebSite","@id":"https:\/\/revivalheal.com\/#website","url":"https:\/\/revivalheal.com\/","name":"Cu\u1ed9c H\u1ed3i Sinh","description":"","publisher":{"@id":"https:\/\/revivalheal.com\/#organization"},"potentialAction":[{"@type":"SearchAction","target":{"@type":"EntryPoint","urlTemplate":"https:\/\/revivalheal.com\/?s={search_term_string}"},"query-input":{"@type":"PropertyValueSpecification","valueRequired":true,"valueName":"search_term_string"}}],"inLanguage":"vi"},{"@type":"Organization","@id":"https:\/\/revivalheal.com\/#organization","name":"Cu\u1ed9c H\u1ed3i Sinh","url":"https:\/\/revivalheal.com\/","logo":{"@type":"ImageObject","inLanguage":"vi","@id":"https:\/\/revivalheal.com\/#\/schema\/logo\/image\/","url":"https:\/\/revivalheal.com\/wp-content\/uploads\/2023\/06\/liferevival-e1686929461706.png","contentUrl":"https:\/\/revivalheal.com\/wp-content\/uploads\/2023\/06\/liferevival-e1686929461706.png","width":770,"height":115,"caption":"Life Revival"},"image":{"@id":"https:\/\/revivalheal.com\/#\/schema\/logo\/image\/"}}]}},"_links":{"self":[{"href":"https:\/\/revivalheal.com\/vi\/wp-json\/wp\/v2\/pages\/333","targetHints":{"allow":["GET"]}}],"collection":[{"href":"https:\/\/revivalheal.com\/vi\/wp-json\/wp\/v2\/pages"}],"about":[{"href":"https:\/\/revivalheal.com\/vi\/wp-json\/wp\/v2\/types\/page"}],"author":[{"embeddable":true,"href":"https:\/\/revivalheal.com\/vi\/wp-json\/wp\/v2\/users\/3"}],"replies":[{"embeddable":true,"href":"https:\/\/revivalheal.com\/vi\/wp-json\/wp\/v2\/comments?post=333"}],"version-history":[{"count":0,"href":"https:\/\/revivalheal.com\/vi\/wp-json\/wp\/v2\/pages\/333\/revisions"}],"wp:featuredmedia":[{"embeddable":true,"href":"https:\/\/revivalheal.com\/vi\/wp-json\/wp\/v2\/media\/377"}],"wp:attachment":[{"href":"https:\/\/revivalheal.com\/vi\/wp-json\/wp\/v2\/media?parent=333"}],"curies":[{"name":"wp","href":"https:\/\/api.w.org\/{rel}","templated":true}]}}