{"id":337,"date":"2023-08-26T10:01:58","date_gmt":"2023-08-26T10:01:58","guid":{"rendered":"https:\/\/liferevivalstg.wpengine.com\/?page_id=337"},"modified":"2023-09-08T19:15:04","modified_gmt":"2023-09-08T19:15:04","slug":"terms-conditions","status":"publish","type":"page","link":"https:\/\/revivalheal.com\/pt\/terms-conditions\/","title":{"rendered":"TERMS &#038; CONDITIONS"},"content":{"rendered":"<div data-elementor-type=\"wp-page\" data-elementor-id=\"337\" class=\"elementor elementor-337\" data-elementor-post-type=\"page\">\n\t\t\t\t\t\t<section class=\"elementor-section elementor-top-section elementor-element elementor-element-75d8cc4 elementor-section-content-middle elementor-section-height-min-height elementor-section-boxed elementor-section-height-default elementor-section-items-middle\" data-id=\"75d8cc4\" data-element_type=\"section\" data-e-type=\"section\" data-settings=\"{&quot;background_background&quot;:&quot;classic&quot;}\">\n\t\t\t\t\t\t\t<div class=\"elementor-background-overlay\"><\/div>\n\t\t\t\t\t\t\t<div class=\"elementor-container elementor-column-gap-default\">\n\t\t\t\t\t<div class=\"elementor-column elementor-col-100 elementor-top-column elementor-element elementor-element-1347a11\" data-id=\"1347a11\" data-element_type=\"column\" data-e-type=\"column\">\n\t\t\t<div class=\"elementor-widget-wrap elementor-element-populated\">\n\t\t\t\t\t\t<div class=\"elementor-element elementor-element-6d36061 elementor-headline--style-highlight elementor-widget elementor-widget-animated-headline\" data-id=\"6d36061\" data-element_type=\"widget\" data-e-type=\"widget\" data-settings=\"{&quot;highlighted_text&quot;:&quot;CONDITIONS&quot;,&quot;headline_style&quot;:&quot;highlight&quot;,&quot;marker&quot;:&quot;circle&quot;,&quot;loop&quot;:&quot;yes&quot;,&quot;highlight_animation_duration&quot;:1200,&quot;highlight_iteration_delay&quot;:8000}\" data-widget_type=\"animated-headline.default\">\n\t\t\t\t<div class=\"elementor-widget-container\">\n\t\t\t\t\t\t\t<h1 class=\"elementor-headline\">\n\t\t\t\t\t<span class=\"elementor-headline-plain-text elementor-headline-text-wrapper\">TERMS &amp; <\/span>\n\t\t\t\t<span class=\"elementor-headline-dynamic-wrapper elementor-headline-text-wrapper\">\n\t\t\t\t\t<span class=\"elementor-headline-dynamic-text elementor-headline-text-active\">CONDI\u00c7\u00d5ES<\/span>\n\t\t\t\t<\/span>\n\t\t\t\t<\/h1>\n\t\t\t\t\t\t<\/div>\n\t\t\t\t<\/div>\n\t\t\t\t\t<\/div>\n\t\t<\/div>\n\t\t\t\t\t<\/div>\n\t\t<\/section>\n\t\t\t\t<section class=\"elementor-section elementor-top-section elementor-element elementor-element-11521ce9 elementor-section-boxed elementor-section-height-default elementor-section-height-default\" data-id=\"11521ce9\" data-element_type=\"section\" data-e-type=\"section\">\n\t\t\t\t\t\t<div class=\"elementor-container elementor-column-gap-default\">\n\t\t\t\t\t<div class=\"elementor-column elementor-col-100 elementor-top-column elementor-element elementor-element-2c5ec1d1\" data-id=\"2c5ec1d1\" data-element_type=\"column\" data-e-type=\"column\">\n\t\t\t<div class=\"elementor-widget-wrap elementor-element-populated\">\n\t\t\t\t\t\t<div class=\"elementor-element elementor-element-6ae80a54 elementor-widget elementor-widget-text-editor\" data-id=\"6ae80a54\" data-element_type=\"widget\" data-e-type=\"widget\" data-widget_type=\"text-editor.default\">\n\t\t\t\t<div class=\"elementor-widget-container\">\n\t\t\t\t\t\t\t\t\t<h2><span style=\"color: #333333;\">1. Termos<\/span><\/h2><p>Ao aceder a este Site, acess\u00edvel a partir de <a href=\"https:\/\/revivalheal.com\/pt\/\"><span style=\"text-decoration: underline;\"><strong><span style=\"color: #333333; text-decoration: underline;\">https:\/\/revivalheal.com\/<\/span><\/strong><\/span><\/a>, voc\u00ea concorda em ser vinculado por estes Termos e Condi\u00e7\u00f5es do Site de Uso e concorda que voc\u00ea \u00e9 respons\u00e1vel por acordo com quaisquer leis locais aplic\u00e1veis. Se voc\u00ea n\u00e3o concordar com qualquer um destes termos, voc\u00ea est\u00e1 proibido de acessar este site. Os materiais contidos neste web Site s\u00e3o protegidos por direitos autorais e direito de marca.<\/p><h2><span style=\"color: #333333;\">2. Licen\u00e7a De Uso<\/span><\/h2><p>A permiss\u00e3o \u00e9 concedida para descarregar temporariamente uma c\u00f3pia dos materiais em Vida Revival Site para uso pessoal e n\u00e3o-comercial de exibi\u00e7\u00e3o apenas transit\u00f3ria. Esta \u00e9 a concess\u00e3o de uma licen\u00e7a, n\u00e3o uma transfer\u00eancia de t\u00edtulo, e sob esta licen\u00e7a voc\u00ea n\u00e3o poder\u00e1:<\/p><ul><li>modificar ou copiar os materiais;<\/li><li>utilizar os materiais para qualquer fim comercial, ou para qualquer exposi\u00e7\u00e3o p\u00fablica;<\/li><li>tentar fazer engenharia reversa de qualquer software contido no Vida de Avivamento Site;<\/li><li>remover quaisquer direitos autorais ou outras nota\u00e7\u00f5es propriet\u00e1rias dos materiais, ou<\/li><li>transferir os materiais para outra pessoa ou &#034;espelho&#034; dos materiais em qualquer outro servidor.<\/li><\/ul><p>Isso vai deixar a Vida de Avivamento para terminar sobre viola\u00e7\u00f5es de qualquer uma destas restri\u00e7\u00f5es. Ap\u00f3s o t\u00e9rmino, a sua vis\u00e3o de direito tamb\u00e9m ser\u00e1 encerrada e voc\u00ea dever\u00e1 destruir qualquer material reproduzido em sua posse seja impresso ou em formato eletr\u00f4nico. Estes Termos de Servi\u00e7o foi criado com a ajuda do <span style=\"text-decoration: underline;\"><strong><span style=\"color: #333333; text-decoration: underline;\"><a style=\"color: #333333; text-decoration: underline;\" href=\"https:\/\/www.termsofservicegenerator.net\">Termos Do Servi\u00e7o Do Gerador<\/a>.<\/span><\/strong><\/span><\/p><h2><span style=\"color: #333333;\">3. Isen\u00e7\u00e3o de responsabilidade<\/span><\/h2><p>Todos os materiais sobre a Vida de Avivamento Site s\u00e3o fornecidas &#034;tal como est\u00e1&#034;.<span style=\"font-family: var(--global-body-font-family);\">A Vida De Avivamento <\/span>n\u00e3o faz garantias, sejam expressas ou impl\u00edcitas, portanto, nega todas as outras garantias. Al\u00e9m disso, <span style=\"font-family: var(--global-body-font-family);\">A Vida De Avivamento <\/span><span style=\"font-family: var(--global-body-font-family);\">n\u00e3o faz qualquer representa\u00e7\u00e3o relativa \u00e0 precis\u00e3o ou confiabilidade do uso dos materiais em seu Site ou relativas a essas mat\u00e9rias ou em sites ligados a este Site.<\/span><\/p><h2><span style=\"color: #333333;\">4. Limita\u00e7\u00f5es<\/span><\/h2><p>A vida de Avivamento ou seus fornecedores n\u00e3o ser\u00e3o responsabilizar por quaisquer danos que possam surgir da utiliza\u00e7\u00e3o ou incapacidade de usar os materiais em<span style=\"font-family: var(--global-body-font-family);\">A Vida De Avivamento <\/span>Site, mesmo se <span style=\"font-family: var(--global-body-font-family);\">A Vida De Avivamento <\/span><span style=\"font-family: var(--global-body-font-family);\">ou uma autorizar o representante deste Site foi notificado verbalmente ou por escrito, sobre a possibilidade de tais danos. Alguns jurisdi\u00e7\u00e3o n\u00e3o permitem limita\u00e7\u00f5es sobre garantias impl\u00edcitas ou limita\u00e7\u00f5es de responsabilidade por danos incidentais, as limita\u00e7\u00f5es podem n\u00e3o se aplicar a voc\u00ea.<\/span><\/p><h2><span style=\"color: #333333;\">5. Revis\u00f5es e Errata<\/span><\/h2><p>Os materiais que aparecem na Vida de Avivamento Site pode conter imprecis\u00f5es, erros tipogr\u00e1ficos ou fotogr\u00e1ficos. <span style=\"font-family: var(--global-body-font-family);\">A Vida De Avivamento <\/span><span style=\"font-family: var(--global-body-font-family);\">n\u00e3o vou prometer que qualquer um dos materiais neste Site s\u00e3o precisas, completas ou atuais.<\/span><span style=\"font-family: var(--global-body-font-family);\">A Vida De Avivamento<\/span><span style=\"font-family: var(--global-body-font-family);\">\u00a0pode alterar os materiais contidos em seu Site a qualquer momento, sem aviso pr\u00e9vio. <\/span><span style=\"font-family: var(--global-body-font-family);\">A Vida De Avivamento <\/span><span style=\"font-family: var(--global-body-font-family);\">n\u00e3o faz qualquer compromisso para actualizar os materiais.<\/span><\/p><h2><span style=\"color: #333333;\">6. Links<\/span><\/h2><p>A vida Avivamento n\u00e3o reviu todos os sites ligados ao seu Site e n\u00e3o \u00e9 respons\u00e1vel pelo conte\u00fado de qualquer site vinculado. A presen\u00e7a de qualquer link n\u00e3o implica o endosso pelo <span style=\"font-family: var(--global-body-font-family);\">A Vida De Avivamento <\/span><span style=\"font-family: var(--global-body-font-family);\">do site. O uso de qualquer web site interligado \u00e9 o pr\u00f3prio risco do usu\u00e1rio.<\/span><\/p><h2><span style=\"color: #333333;\">7. Site Termos de Uso Modifica\u00e7\u00f5es<\/span><\/h2><p>A vida de Avivamento poder\u00e1 rever estes Termos de Uso para seu Site a qualquer momento, sem aviso pr\u00e9vio. Ao utilizar este Site, voc\u00ea concorda em ficar vinculado por a vers\u00e3o atual destes Termos e Condi\u00e7\u00f5es de Uso.<\/p><h2><span style=\"color: #333333;\">8. Sua Privacidade<\/span><\/h2><p>Por favor, leia nossa Pol\u00edtica de Privacidade.<\/p><h2><span style=\"color: #333333;\">9. Legisla\u00e7\u00e3o Aplic\u00e1vel<\/span><\/h2><p>Qualquer reclama\u00e7\u00e3o relacionada com a Vida de Avivamento Site ser\u00e3o regidos pelas leis da fa sem considera\u00e7\u00e3o com seu conflito \u00e0s disposi\u00e7\u00f5es da lei.<\/p>\t\t\t\t\t\t\t\t<\/div>\n\t\t\t\t<\/div>\n\t\t\t\t\t<\/div>\n\t\t<\/div>\n\t\t\t\t\t<\/div>\n\t\t<\/section>\n\t\t\t\t<\/div>","protected":false},"excerpt":{"rendered":"<p>TERMS &amp; CONDITIONS 1. Terms By accessing this Website, accessible from https:\/\/revivalheal.com\/, you are agreeing to be bound by these Website Terms and Conditions of Use and agree that you are responsible for the agreement with any applicable local laws. If you disagree with any of these terms, you are prohibited from accessing this site&#8230;.<\/p>","protected":false},"author":3,"featured_media":377,"parent":0,"menu_order":0,"comment_status":"closed","ping_status":"closed","template":"","meta":{"_kad_post_transparent":"default","_kad_post_title":"hide","_kad_post_layout":"fullwidth","_kad_post_sidebar_id":"","_kad_post_content_style":"unboxed","_kad_post_vertical_padding":"hide","_kad_post_feature":"hide","_kad_post_feature_position":"","_kad_post_header":false,"_kad_post_footer":false,"_kad_post_classname":"","footnotes":""},"class_list":["post-337","page","type-page","status-publish","has-post-thumbnail","hentry"],"yoast_head":"<!-- This site is optimized with the Yoast SEO Premium plugin v20.13 (Yoast SEO v27.4) - https:\/\/yoast.com\/product\/yoast-seo-premium-wordpress\/ -->\n<title>Life Revival | TERMS &amp; CONDITIONS<\/title>\n<meta name=\"description\" content=\"By accessing this Website, accessible from https:\/\/revivalheal.com\/, you are agreeing to be bound by these Website Terms and Conditions of Use and agree that you are responsible for the agreement with any applicable local laws.\" \/>\n<meta name=\"robots\" content=\"index, follow, max-snippet:-1, max-image-preview:large, max-video-preview:-1\" \/>\n<link rel=\"canonical\" href=\"https:\/\/revivalheal.com\/pt\/terms-conditions\/\" \/>\n<meta property=\"og:locale\" content=\"pt_PT\" \/>\n<meta property=\"og:type\" content=\"article\" \/>\n<meta property=\"og:title\" content=\"TERMS &amp; CONDITIONS\" \/>\n<meta property=\"og:description\" content=\"By accessing this Website, accessible from https:\/\/revivalheal.com\/, you are agreeing to be bound by these Website Terms and Conditions of Use and agree that you are responsible for the agreement with any applicable local laws.\" \/>\n<meta property=\"og:url\" content=\"https:\/\/revivalheal.com\/pt\/terms-conditions\/\" \/>\n<meta property=\"og:site_name\" content=\"Life Revival\" \/>\n<meta property=\"article:modified_time\" content=\"2023-09-08T19:15:04+00:00\" \/>\n<meta property=\"og:image\" content=\"https:\/\/revivalheal.com\/wp-content\/uploads\/2023\/09\/liferevival.png\" \/>\n\t<meta property=\"og:image:width\" content=\"1200\" \/>\n\t<meta property=\"og:image:height\" content=\"630\" \/>\n\t<meta property=\"og:image:type\" content=\"image\/png\" \/>\n<meta name=\"twitter:card\" content=\"summary_large_image\" \/>\n<meta name=\"twitter:label1\" content=\"Est. reading time\" \/>\n\t<meta name=\"twitter:data1\" content=\"3 minutes\" \/>\n<script type=\"application\/ld+json\" class=\"yoast-schema-graph\">{\"@context\":\"https:\\\/\\\/schema.org\",\"@graph\":[{\"@type\":\"WebPage\",\"@id\":\"https:\\\/\\\/revivalheal.com\\\/terms-conditions\\\/\",\"url\":\"https:\\\/\\\/revivalheal.com\\\/terms-conditions\\\/\",\"name\":\"Life Revival | TERMS & CONDITIONS\",\"isPartOf\":{\"@id\":\"https:\\\/\\\/revivalheal.com\\\/#website\"},\"primaryImageOfPage\":{\"@id\":\"https:\\\/\\\/revivalheal.com\\\/terms-conditions\\\/#primaryimage\"},\"image\":{\"@id\":\"https:\\\/\\\/revivalheal.com\\\/terms-conditions\\\/#primaryimage\"},\"thumbnailUrl\":\"https:\\\/\\\/revivalheal.com\\\/wp-content\\\/uploads\\\/2023\\\/09\\\/liferevival.png\",\"datePublished\":\"2023-08-26T10:01:58+00:00\",\"dateModified\":\"2023-09-08T19:15:04+00:00\",\"description\":\"By accessing this Website, accessible from https:\\\/\\\/revivalheal.com\\\/, you are agreeing to be bound by these Website Terms and Conditions of Use and agree that you are responsible for the agreement with any applicable local laws.\",\"breadcrumb\":{\"@id\":\"https:\\\/\\\/revivalheal.com\\\/terms-conditions\\\/#breadcrumb\"},\"inLanguage\":\"pt-PT\",\"potentialAction\":[{\"@type\":\"ReadAction\",\"target\":[\"https:\\\/\\\/revivalheal.com\\\/terms-conditions\\\/\"]}]},{\"@type\":\"ImageObject\",\"inLanguage\":\"pt-PT\",\"@id\":\"https:\\\/\\\/revivalheal.com\\\/terms-conditions\\\/#primaryimage\",\"url\":\"https:\\\/\\\/revivalheal.com\\\/wp-content\\\/uploads\\\/2023\\\/09\\\/liferevival.png\",\"contentUrl\":\"https:\\\/\\\/revivalheal.com\\\/wp-content\\\/uploads\\\/2023\\\/09\\\/liferevival.png\",\"width\":1200,\"height\":630},{\"@type\":\"BreadcrumbList\",\"@id\":\"https:\\\/\\\/revivalheal.com\\\/terms-conditions\\\/#breadcrumb\",\"itemListElement\":[{\"@type\":\"ListItem\",\"position\":1,\"name\":\"Home\",\"item\":\"https:\\\/\\\/revivalheal.com\\\/\"},{\"@type\":\"ListItem\",\"position\":2,\"name\":\"TERMS &#038; CONDITIONS\"}]},{\"@type\":\"WebSite\",\"@id\":\"https:\\\/\\\/revivalheal.com\\\/#website\",\"url\":\"https:\\\/\\\/revivalheal.com\\\/\",\"name\":\"Life Revival\",\"description\":\"\",\"publisher\":{\"@id\":\"https:\\\/\\\/revivalheal.com\\\/#organization\"},\"potentialAction\":[{\"@type\":\"SearchAction\",\"target\":{\"@type\":\"EntryPoint\",\"urlTemplate\":\"https:\\\/\\\/revivalheal.com\\\/?s={search_term_string}\"},\"query-input\":{\"@type\":\"PropertyValueSpecification\",\"valueRequired\":true,\"valueName\":\"search_term_string\"}}],\"inLanguage\":\"pt-PT\"},{\"@type\":\"Organization\",\"@id\":\"https:\\\/\\\/revivalheal.com\\\/#organization\",\"name\":\"Life Revival\",\"url\":\"https:\\\/\\\/revivalheal.com\\\/\",\"logo\":{\"@type\":\"ImageObject\",\"inLanguage\":\"pt-PT\",\"@id\":\"https:\\\/\\\/revivalheal.com\\\/#\\\/schema\\\/logo\\\/image\\\/\",\"url\":\"https:\\\/\\\/revivalheal.com\\\/wp-content\\\/uploads\\\/2023\\\/06\\\/liferevival-e1686929461706.png\",\"contentUrl\":\"https:\\\/\\\/revivalheal.com\\\/wp-content\\\/uploads\\\/2023\\\/06\\\/liferevival-e1686929461706.png\",\"width\":770,\"height\":115,\"caption\":\"Life Revival\"},\"image\":{\"@id\":\"https:\\\/\\\/revivalheal.com\\\/#\\\/schema\\\/logo\\\/image\\\/\"}}]}<\/script>\n<!-- \/ Yoast SEO Premium plugin. -->","yoast_head_json":{"title":"Life Revival | TERMS & CONDITIONS","description":"By accessing this Website, accessible from https:\/\/revivalheal.com\/, you are agreeing to be bound by these Website Terms and Conditions of Use and agree that you are responsible for the agreement with any applicable local laws.","robots":{"index":"index","follow":"follow","max-snippet":"max-snippet:-1","max-image-preview":"max-image-preview:large","max-video-preview":"max-video-preview:-1"},"canonical":"https:\/\/revivalheal.com\/pt\/terms-conditions\/","og_locale":"pt_PT","og_type":"article","og_title":"TERMS & CONDITIONS","og_description":"By accessing this Website, accessible from https:\/\/revivalheal.com\/, you are agreeing to be bound by these Website Terms and Conditions of Use and agree that you are responsible for the agreement with any applicable local laws.","og_url":"https:\/\/revivalheal.com\/pt\/terms-conditions\/","og_site_name":"Life Revival","article_modified_time":"2023-09-08T19:15:04+00:00","og_image":[{"width":1200,"height":630,"url":"https:\/\/revivalheal.com\/wp-content\/uploads\/2023\/09\/liferevival.png","type":"image\/png"}],"twitter_card":"summary_large_image","twitter_misc":{"Est. reading time":"3 minutes"},"schema":{"@context":"https:\/\/schema.org","@graph":[{"@type":"WebPage","@id":"https:\/\/revivalheal.com\/terms-conditions\/","url":"https:\/\/revivalheal.com\/terms-conditions\/","name":"Life Revival | TERMS & CONDITIONS","isPartOf":{"@id":"https:\/\/revivalheal.com\/#website"},"primaryImageOfPage":{"@id":"https:\/\/revivalheal.com\/terms-conditions\/#primaryimage"},"image":{"@id":"https:\/\/revivalheal.com\/terms-conditions\/#primaryimage"},"thumbnailUrl":"https:\/\/revivalheal.com\/wp-content\/uploads\/2023\/09\/liferevival.png","datePublished":"2023-08-26T10:01:58+00:00","dateModified":"2023-09-08T19:15:04+00:00","description":"By accessing this Website, accessible from https:\/\/revivalheal.com\/, you are agreeing to be bound by these Website Terms and Conditions of Use and agree that you are responsible for the agreement with any applicable local laws.","breadcrumb":{"@id":"https:\/\/revivalheal.com\/terms-conditions\/#breadcrumb"},"inLanguage":"pt-PT","potentialAction":[{"@type":"ReadAction","target":["https:\/\/revivalheal.com\/terms-conditions\/"]}]},{"@type":"ImageObject","inLanguage":"pt-PT","@id":"https:\/\/revivalheal.com\/terms-conditions\/#primaryimage","url":"https:\/\/revivalheal.com\/wp-content\/uploads\/2023\/09\/liferevival.png","contentUrl":"https:\/\/revivalheal.com\/wp-content\/uploads\/2023\/09\/liferevival.png","width":1200,"height":630},{"@type":"BreadcrumbList","@id":"https:\/\/revivalheal.com\/terms-conditions\/#breadcrumb","itemListElement":[{"@type":"ListItem","position":1,"name":"Home","item":"https:\/\/revivalheal.com\/"},{"@type":"ListItem","position":2,"name":"TERMS &#038; CONDITIONS"}]},{"@type":"WebSite","@id":"https:\/\/revivalheal.com\/#website","url":"https:\/\/revivalheal.com\/","name":"A Vida De Avivamento","description":"","publisher":{"@id":"https:\/\/revivalheal.com\/#organization"},"potentialAction":[{"@type":"SearchAction","target":{"@type":"EntryPoint","urlTemplate":"https:\/\/revivalheal.com\/?s={search_term_string}"},"query-input":{"@type":"PropertyValueSpecification","valueRequired":true,"valueName":"search_term_string"}}],"inLanguage":"pt-PT"},{"@type":"Organization","@id":"https:\/\/revivalheal.com\/#organization","name":"A Vida De Avivamento","url":"https:\/\/revivalheal.com\/","logo":{"@type":"ImageObject","inLanguage":"pt-PT","@id":"https:\/\/revivalheal.com\/#\/schema\/logo\/image\/","url":"https:\/\/revivalheal.com\/wp-content\/uploads\/2023\/06\/liferevival-e1686929461706.png","contentUrl":"https:\/\/revivalheal.com\/wp-content\/uploads\/2023\/06\/liferevival-e1686929461706.png","width":770,"height":115,"caption":"Life Revival"},"image":{"@id":"https:\/\/revivalheal.com\/#\/schema\/logo\/image\/"}}]}},"_links":{"self":[{"href":"https:\/\/revivalheal.com\/pt\/wp-json\/wp\/v2\/pages\/337","targetHints":{"allow":["GET"]}}],"collection":[{"href":"https:\/\/revivalheal.com\/pt\/wp-json\/wp\/v2\/pages"}],"about":[{"href":"https:\/\/revivalheal.com\/pt\/wp-json\/wp\/v2\/types\/page"}],"author":[{"embeddable":true,"href":"https:\/\/revivalheal.com\/pt\/wp-json\/wp\/v2\/users\/3"}],"replies":[{"embeddable":true,"href":"https:\/\/revivalheal.com\/pt\/wp-json\/wp\/v2\/comments?post=337"}],"version-history":[{"count":0,"href":"https:\/\/revivalheal.com\/pt\/wp-json\/wp\/v2\/pages\/337\/revisions"}],"wp:featuredmedia":[{"embeddable":true,"href":"https:\/\/revivalheal.com\/pt\/wp-json\/wp\/v2\/media\/377"}],"wp:attachment":[{"href":"https:\/\/revivalheal.com\/pt\/wp-json\/wp\/v2\/media?parent=337"}],"curies":[{"name":"wp","href":"https:\/\/api.w.org\/{rel}","templated":true}]}}