{"id":333,"date":"2023-08-26T09:47:09","date_gmt":"2023-08-26T09:47:09","guid":{"rendered":"https:\/\/liferevivalstg.wpengine.com\/?page_id=333"},"modified":"2023-09-08T19:14:19","modified_gmt":"2023-09-08T19:14:19","slug":"privacy-policy","status":"publish","type":"page","link":"https:\/\/revivalheal.com\/pt\/privacy-policy\/","title":{"rendered":"PRIVACY POLICY"},"content":{"rendered":"<div data-elementor-type=\"wp-page\" data-elementor-id=\"333\" class=\"elementor elementor-333\" data-elementor-post-type=\"page\">\n\t\t\t\t\t\t<section class=\"elementor-section elementor-top-section elementor-element elementor-element-45fb648 elementor-section-content-middle elementor-section-height-min-height elementor-section-boxed elementor-section-height-default elementor-section-items-middle\" data-id=\"45fb648\" data-element_type=\"section\" data-e-type=\"section\" data-settings=\"{&quot;background_background&quot;:&quot;classic&quot;}\">\n\t\t\t\t\t\t\t<div class=\"elementor-background-overlay\"><\/div>\n\t\t\t\t\t\t\t<div class=\"elementor-container elementor-column-gap-default\">\n\t\t\t\t\t<div class=\"elementor-column elementor-col-100 elementor-top-column elementor-element elementor-element-4aad0fc\" data-id=\"4aad0fc\" data-element_type=\"column\" data-e-type=\"column\">\n\t\t\t<div class=\"elementor-widget-wrap elementor-element-populated\">\n\t\t\t\t\t\t<div class=\"elementor-element elementor-element-586f639 elementor-headline--style-highlight elementor-widget elementor-widget-animated-headline\" data-id=\"586f639\" data-element_type=\"widget\" data-e-type=\"widget\" data-settings=\"{&quot;highlighted_text&quot;:&quot;POLICY&quot;,&quot;headline_style&quot;:&quot;highlight&quot;,&quot;marker&quot;:&quot;circle&quot;,&quot;loop&quot;:&quot;yes&quot;,&quot;highlight_animation_duration&quot;:1200,&quot;highlight_iteration_delay&quot;:8000}\" data-widget_type=\"animated-headline.default\">\n\t\t\t\t<div class=\"elementor-widget-container\">\n\t\t\t\t\t\t\t<h1 class=\"elementor-headline\">\n\t\t\t\t\t<span class=\"elementor-headline-plain-text elementor-headline-text-wrapper\">PRIVACIDADE <\/span>\n\t\t\t\t<span class=\"elementor-headline-dynamic-wrapper elementor-headline-text-wrapper\">\n\t\t\t\t\t<span class=\"elementor-headline-dynamic-text elementor-headline-text-active\">POL\u00cdTICA<\/span>\n\t\t\t\t<\/span>\n\t\t\t\t<\/h1>\n\t\t\t\t\t\t<\/div>\n\t\t\t\t<\/div>\n\t\t\t\t\t<\/div>\n\t\t<\/div>\n\t\t\t\t\t<\/div>\n\t\t<\/section>\n\t\t\t\t<section class=\"elementor-section elementor-top-section elementor-element elementor-element-5f221c00 elementor-section-boxed elementor-section-height-default elementor-section-height-default\" data-id=\"5f221c00\" data-element_type=\"section\" data-e-type=\"section\">\n\t\t\t\t\t\t<div class=\"elementor-container elementor-column-gap-default\">\n\t\t\t\t\t<div class=\"elementor-column elementor-col-100 elementor-top-column elementor-element elementor-element-315df193\" data-id=\"315df193\" data-element_type=\"column\" data-e-type=\"column\">\n\t\t\t<div class=\"elementor-widget-wrap elementor-element-populated\">\n\t\t\t\t\t\t<div class=\"elementor-element elementor-element-72289ced elementor-widget elementor-widget-text-editor\" data-id=\"72289ced\" data-element_type=\"widget\" data-e-type=\"widget\" data-widget_type=\"text-editor.default\">\n\t\t\t\t<div class=\"elementor-widget-container\">\n\t\t\t\t\t\t\t\t\t<p>Esta pol\u00edtica de privacidade (\u201cpol\u00edtica\u201d) ir\u00e1 ajud\u00e1-lo a entender como a Life Revival usa e protege os dados que voc\u00ea nos fornece quando visita e usa <span style=\"text-decoration: underline; color: #333333;\"><strong><a style=\"color: #333333; text-decoration: underline;\" href=\"https:\/\/revivalheal.com\/pt\/\">https:\/\/revivalheal.com\/<\/a><\/strong><\/span><\/p><p>Reservamo-nos o direito de alterar esta pol\u00edtica a qualquer momento, da qual voc\u00ea ser\u00e1 prontamente atualizado. Se quiser ter certeza de que est\u00e1 atualizado com as \u00faltimas altera\u00e7\u00f5es, aconselhamos que visite esta p\u00e1gina com frequ\u00eancia.<\/p><h2><span style=\"color: #333333;\">Quais dados do usu\u00e1rio coletamos<\/span><\/h2><p>When you visit the website, we may collect the following data:<\/p><ul><li>Your IP address.<\/li><li>Your contact information and email address.<\/li><li>Outras informa\u00e7\u00f5es, como interesses e prefer\u00eancias.<\/li><li>Perfil de dados relativos ao seu comportamento online no nosso site.<\/li><\/ul><h2><span style=\"color: #333333;\"><b>Por que coletamos seus dados<\/b><\/span><\/h2><p>Estamos coletando seus dados por v\u00e1rios motivos:<\/p><ul><li>Para entender melhor suas necessidades.<\/li><li>Para melhorar nossos servi\u00e7os e produtos.<\/li><li>Para lhe enviar e-mails promocionais contendo as informa\u00e7\u00f5es que achamos que voc\u00ea achar\u00e1 interessantes.<\/li><li>Para entrar em contato com voc\u00ea para preencher pesquisas e participar de outros tipos de pesquisas de mercado.<\/li><li>Personalizar o nosso website de acordo com o seu comportamento online e prefer\u00eancias pessoais.<\/li><\/ul><h2><span style=\"color: #333333;\"><b>Protegendo e protegendo os dados<\/b><\/span><\/h2><p>A Life Revival est\u00e1 comprometida em proteger seus dados e mant\u00ea-los confidenciais. A Life Revival\u00a0fez tudo ao seu alcance para evitar roubo de dados, acesso n\u00e3o autorizado e divulga\u00e7\u00e3o, implementando as tecnologias e softwares mais recentes, que nos ajudam a proteger todas as informa\u00e7\u00f5es que coletamos on-line.<\/p><h2><span style=\"color: #333333;\"><b>Nossa Pol\u00edtica de Cookies<\/b><\/span><\/h2><p>Depois de concordar em permitir que nosso site use cookies, voc\u00ea tamb\u00e9m concorda em usar os dados coletados sobre seu comportamento online (analisar o tr\u00e1fego da web, as p\u00e1ginas da web nas quais voc\u00ea passa mais tempo e os sites que voc\u00ea visita).<\/p><p>Os dados que coletamos atrav\u00e9s de cookies s\u00e3o usados \u200b\u200bpara personalizar nosso site de acordo com suas necessidades. Depois de utilizarmos os dados para an\u00e1lise estat\u00edstica, os dados s\u00e3o completamente removidos dos nossos sistemas.<\/p><p>Observe que os cookies n\u00e3o nos permitem obter controle do seu computador de forma alguma. Eles s\u00e3o usados \u200b\u200bestritamente para monitorar quais p\u00e1ginas voc\u00ea considera \u00fateis e quais n\u00e3o, para que possamos fornecer uma melhor experi\u00eancia para voc\u00ea.<\/p><p>Caso pretenda desativar os cookies, poder\u00e1 faz\u00ea-lo acedendo \u00e0s configura\u00e7\u00f5es do seu navegador de internet. (Fornece links para configura\u00e7\u00f5es de cookies para os principais navegadores da Internet).<\/p><h2><span style=\"color: #333333;\"><b>Links para outros sites<\/b><\/span><\/h2><p>Nosso site cont\u00e9m links que levam a outros sites. Se voc\u00ea clicar nesses links, a Life Revival\u00a0n\u00e3o se responsabiliza pela prote\u00e7\u00e3o de seus dados e privacidade. A visita a esses sites n\u00e3o \u00e9 regida por este acordo de pol\u00edtica de privacidade. Certifique-se de ler a documenta\u00e7\u00e3o da pol\u00edtica de privacidade do site que voc\u00ea acessa em nosso site.<\/p><h2><span style=\"color: #333333;\"><b>Restringindo a coleta de seus dados pessoais<\/b><\/span><\/h2><p>Em algum momento, voc\u00ea poder\u00e1 querer restringir o uso e a coleta de seus dados pessoais. Voc\u00ea pode conseguir isso fazendo o seguinte:<\/p><p>Ao preencher os formul\u00e1rios do site, certifique-se de verificar se existe uma caixa que voc\u00ea pode deixar desmarcada, caso n\u00e3o queira divulgar seus dados pessoais.<\/p><p>Se voc\u00ea j\u00e1 concordou em compartilhar suas informa\u00e7\u00f5es conosco, sinta-se \u00e0 vontade para nos contatar por e-mail e teremos o maior prazer em alterar isso para voc\u00ea.<\/p><p>A Life Revival n\u00e3o alugar\u00e1, vender\u00e1 ou distribuir\u00e1 suas informa\u00e7\u00f5es pessoais a terceiros, a menos que tenhamos sua permiss\u00e3o. Poderemos faz\u00ea-lo se a lei nos obrigar. Suas informa\u00e7\u00f5es pessoais ser\u00e3o usadas quando precisarmos enviar materiais promocionais se voc\u00ea concordar com esta pol\u00edtica de privacidade.<\/p>\t\t\t\t\t\t\t\t<\/div>\n\t\t\t\t<\/div>\n\t\t\t\t\t<\/div>\n\t\t<\/div>\n\t\t\t\t\t<\/div>\n\t\t<\/section>\n\t\t\t\t<\/div>","protected":false},"excerpt":{"rendered":"<p>PRIVACY POLICY This privacy policy (&#8220;policy&#8221;) will help you understand how Life Revival uses and protects the data you provide to us when you visit and use https:\/\/revivalheal.com\/ We reserve the right to change this policy at any given time, of which you will be promptly updated. If you want to make sure that you&#8230;<\/p>","protected":false},"author":3,"featured_media":377,"parent":0,"menu_order":0,"comment_status":"closed","ping_status":"closed","template":"elementor_header_footer","meta":{"_kad_post_transparent":"default","_kad_post_title":"hide","_kad_post_layout":"fullwidth","_kad_post_sidebar_id":"","_kad_post_content_style":"unboxed","_kad_post_vertical_padding":"hide","_kad_post_feature":"hide","_kad_post_feature_position":"","_kad_post_header":false,"_kad_post_footer":false,"_kad_post_classname":"","footnotes":""},"class_list":["post-333","page","type-page","status-publish","has-post-thumbnail","hentry"],"yoast_head":"<!-- This site is optimized with the Yoast SEO Premium plugin v20.13 (Yoast SEO v27.4) - https:\/\/yoast.com\/product\/yoast-seo-premium-wordpress\/ -->\n<title>Life Revival | PRIVACY POLICY<\/title>\n<meta name=\"description\" content=\"This privacy policy (\u201cpolicy\u201d) will help you understand how Life Revival uses and protects the data you provide to us when you visit and use https:\/\/revivalheal.com\/\" \/>\n<meta name=\"robots\" content=\"index, follow, max-snippet:-1, max-image-preview:large, max-video-preview:-1\" \/>\n<link rel=\"canonical\" href=\"https:\/\/revivalheal.com\/pt\/privacy-policy\/\" \/>\n<meta property=\"og:locale\" content=\"pt_PT\" \/>\n<meta property=\"og:type\" content=\"article\" \/>\n<meta property=\"og:title\" content=\"PRIVACY POLICY\" \/>\n<meta property=\"og:description\" content=\"This privacy policy (\u201cpolicy\u201d) will help you understand how Life Revival uses and protects the data you provide to us when you visit and use https:\/\/revivalheal.com\/\" \/>\n<meta property=\"og:url\" content=\"https:\/\/revivalheal.com\/pt\/privacy-policy\/\" \/>\n<meta property=\"og:site_name\" content=\"Life Revival\" \/>\n<meta property=\"article:modified_time\" content=\"2023-09-08T19:14:19+00:00\" \/>\n<meta property=\"og:image\" content=\"https:\/\/revivalheal.com\/wp-content\/uploads\/2023\/09\/liferevival.png\" \/>\n\t<meta property=\"og:image:width\" content=\"1200\" \/>\n\t<meta property=\"og:image:height\" content=\"630\" \/>\n\t<meta property=\"og:image:type\" content=\"image\/png\" \/>\n<meta name=\"twitter:card\" content=\"summary_large_image\" \/>\n<meta name=\"twitter:label1\" content=\"Est. reading time\" \/>\n\t<meta name=\"twitter:data1\" content=\"3 minutes\" \/>\n<script type=\"application\/ld+json\" class=\"yoast-schema-graph\">{\"@context\":\"https:\\\/\\\/schema.org\",\"@graph\":[{\"@type\":\"WebPage\",\"@id\":\"https:\\\/\\\/revivalheal.com\\\/privacy-policy\\\/\",\"url\":\"https:\\\/\\\/revivalheal.com\\\/privacy-policy\\\/\",\"name\":\"Life Revival | PRIVACY POLICY\",\"isPartOf\":{\"@id\":\"https:\\\/\\\/revivalheal.com\\\/#website\"},\"primaryImageOfPage\":{\"@id\":\"https:\\\/\\\/revivalheal.com\\\/privacy-policy\\\/#primaryimage\"},\"image\":{\"@id\":\"https:\\\/\\\/revivalheal.com\\\/privacy-policy\\\/#primaryimage\"},\"thumbnailUrl\":\"https:\\\/\\\/revivalheal.com\\\/wp-content\\\/uploads\\\/2023\\\/09\\\/liferevival.png\",\"datePublished\":\"2023-08-26T09:47:09+00:00\",\"dateModified\":\"2023-09-08T19:14:19+00:00\",\"description\":\"This privacy policy (\u201cpolicy\u201d) will help you understand how Life Revival uses and protects the data you provide to us when you visit and use https:\\\/\\\/revivalheal.com\\\/\",\"breadcrumb\":{\"@id\":\"https:\\\/\\\/revivalheal.com\\\/privacy-policy\\\/#breadcrumb\"},\"inLanguage\":\"pt-PT\",\"potentialAction\":[{\"@type\":\"ReadAction\",\"target\":[\"https:\\\/\\\/revivalheal.com\\\/privacy-policy\\\/\"]}]},{\"@type\":\"ImageObject\",\"inLanguage\":\"pt-PT\",\"@id\":\"https:\\\/\\\/revivalheal.com\\\/privacy-policy\\\/#primaryimage\",\"url\":\"https:\\\/\\\/revivalheal.com\\\/wp-content\\\/uploads\\\/2023\\\/09\\\/liferevival.png\",\"contentUrl\":\"https:\\\/\\\/revivalheal.com\\\/wp-content\\\/uploads\\\/2023\\\/09\\\/liferevival.png\",\"width\":1200,\"height\":630},{\"@type\":\"BreadcrumbList\",\"@id\":\"https:\\\/\\\/revivalheal.com\\\/privacy-policy\\\/#breadcrumb\",\"itemListElement\":[{\"@type\":\"ListItem\",\"position\":1,\"name\":\"Home\",\"item\":\"https:\\\/\\\/revivalheal.com\\\/\"},{\"@type\":\"ListItem\",\"position\":2,\"name\":\"PRIVACY POLICY\"}]},{\"@type\":\"WebSite\",\"@id\":\"https:\\\/\\\/revivalheal.com\\\/#website\",\"url\":\"https:\\\/\\\/revivalheal.com\\\/\",\"name\":\"Life Revival\",\"description\":\"\",\"publisher\":{\"@id\":\"https:\\\/\\\/revivalheal.com\\\/#organization\"},\"potentialAction\":[{\"@type\":\"SearchAction\",\"target\":{\"@type\":\"EntryPoint\",\"urlTemplate\":\"https:\\\/\\\/revivalheal.com\\\/?s={search_term_string}\"},\"query-input\":{\"@type\":\"PropertyValueSpecification\",\"valueRequired\":true,\"valueName\":\"search_term_string\"}}],\"inLanguage\":\"pt-PT\"},{\"@type\":\"Organization\",\"@id\":\"https:\\\/\\\/revivalheal.com\\\/#organization\",\"name\":\"Life Revival\",\"url\":\"https:\\\/\\\/revivalheal.com\\\/\",\"logo\":{\"@type\":\"ImageObject\",\"inLanguage\":\"pt-PT\",\"@id\":\"https:\\\/\\\/revivalheal.com\\\/#\\\/schema\\\/logo\\\/image\\\/\",\"url\":\"https:\\\/\\\/revivalheal.com\\\/wp-content\\\/uploads\\\/2023\\\/06\\\/liferevival-e1686929461706.png\",\"contentUrl\":\"https:\\\/\\\/revivalheal.com\\\/wp-content\\\/uploads\\\/2023\\\/06\\\/liferevival-e1686929461706.png\",\"width\":770,\"height\":115,\"caption\":\"Life Revival\"},\"image\":{\"@id\":\"https:\\\/\\\/revivalheal.com\\\/#\\\/schema\\\/logo\\\/image\\\/\"}}]}<\/script>\n<!-- \/ Yoast SEO Premium plugin. -->","yoast_head_json":{"title":"Life Revival | PRIVACY POLICY","description":"This privacy policy (\u201cpolicy\u201d) will help you understand how Life Revival uses and protects the data you provide to us when you visit and use https:\/\/revivalheal.com\/","robots":{"index":"index","follow":"follow","max-snippet":"max-snippet:-1","max-image-preview":"max-image-preview:large","max-video-preview":"max-video-preview:-1"},"canonical":"https:\/\/revivalheal.com\/pt\/privacy-policy\/","og_locale":"pt_PT","og_type":"article","og_title":"PRIVACY POLICY","og_description":"This privacy policy (\u201cpolicy\u201d) will help you understand how Life Revival uses and protects the data you provide to us when you visit and use https:\/\/revivalheal.com\/","og_url":"https:\/\/revivalheal.com\/pt\/privacy-policy\/","og_site_name":"Life Revival","article_modified_time":"2023-09-08T19:14:19+00:00","og_image":[{"width":1200,"height":630,"url":"https:\/\/revivalheal.com\/wp-content\/uploads\/2023\/09\/liferevival.png","type":"image\/png"}],"twitter_card":"summary_large_image","twitter_misc":{"Est. reading time":"3 minutes"},"schema":{"@context":"https:\/\/schema.org","@graph":[{"@type":"WebPage","@id":"https:\/\/revivalheal.com\/privacy-policy\/","url":"https:\/\/revivalheal.com\/privacy-policy\/","name":"Life Revival | PRIVACY POLICY","isPartOf":{"@id":"https:\/\/revivalheal.com\/#website"},"primaryImageOfPage":{"@id":"https:\/\/revivalheal.com\/privacy-policy\/#primaryimage"},"image":{"@id":"https:\/\/revivalheal.com\/privacy-policy\/#primaryimage"},"thumbnailUrl":"https:\/\/revivalheal.com\/wp-content\/uploads\/2023\/09\/liferevival.png","datePublished":"2023-08-26T09:47:09+00:00","dateModified":"2023-09-08T19:14:19+00:00","description":"This privacy policy (\u201cpolicy\u201d) will help you understand how Life Revival uses and protects the data you provide to us when you visit and use https:\/\/revivalheal.com\/","breadcrumb":{"@id":"https:\/\/revivalheal.com\/privacy-policy\/#breadcrumb"},"inLanguage":"pt-PT","potentialAction":[{"@type":"ReadAction","target":["https:\/\/revivalheal.com\/privacy-policy\/"]}]},{"@type":"ImageObject","inLanguage":"pt-PT","@id":"https:\/\/revivalheal.com\/privacy-policy\/#primaryimage","url":"https:\/\/revivalheal.com\/wp-content\/uploads\/2023\/09\/liferevival.png","contentUrl":"https:\/\/revivalheal.com\/wp-content\/uploads\/2023\/09\/liferevival.png","width":1200,"height":630},{"@type":"BreadcrumbList","@id":"https:\/\/revivalheal.com\/privacy-policy\/#breadcrumb","itemListElement":[{"@type":"ListItem","position":1,"name":"Home","item":"https:\/\/revivalheal.com\/"},{"@type":"ListItem","position":2,"name":"PRIVACY POLICY"}]},{"@type":"WebSite","@id":"https:\/\/revivalheal.com\/#website","url":"https:\/\/revivalheal.com\/","name":"A Vida De Avivamento","description":"","publisher":{"@id":"https:\/\/revivalheal.com\/#organization"},"potentialAction":[{"@type":"SearchAction","target":{"@type":"EntryPoint","urlTemplate":"https:\/\/revivalheal.com\/?s={search_term_string}"},"query-input":{"@type":"PropertyValueSpecification","valueRequired":true,"valueName":"search_term_string"}}],"inLanguage":"pt-PT"},{"@type":"Organization","@id":"https:\/\/revivalheal.com\/#organization","name":"A Vida De Avivamento","url":"https:\/\/revivalheal.com\/","logo":{"@type":"ImageObject","inLanguage":"pt-PT","@id":"https:\/\/revivalheal.com\/#\/schema\/logo\/image\/","url":"https:\/\/revivalheal.com\/wp-content\/uploads\/2023\/06\/liferevival-e1686929461706.png","contentUrl":"https:\/\/revivalheal.com\/wp-content\/uploads\/2023\/06\/liferevival-e1686929461706.png","width":770,"height":115,"caption":"Life Revival"},"image":{"@id":"https:\/\/revivalheal.com\/#\/schema\/logo\/image\/"}}]}},"_links":{"self":[{"href":"https:\/\/revivalheal.com\/pt\/wp-json\/wp\/v2\/pages\/333","targetHints":{"allow":["GET"]}}],"collection":[{"href":"https:\/\/revivalheal.com\/pt\/wp-json\/wp\/v2\/pages"}],"about":[{"href":"https:\/\/revivalheal.com\/pt\/wp-json\/wp\/v2\/types\/page"}],"author":[{"embeddable":true,"href":"https:\/\/revivalheal.com\/pt\/wp-json\/wp\/v2\/users\/3"}],"replies":[{"embeddable":true,"href":"https:\/\/revivalheal.com\/pt\/wp-json\/wp\/v2\/comments?post=333"}],"version-history":[{"count":0,"href":"https:\/\/revivalheal.com\/pt\/wp-json\/wp\/v2\/pages\/333\/revisions"}],"wp:featuredmedia":[{"embeddable":true,"href":"https:\/\/revivalheal.com\/pt\/wp-json\/wp\/v2\/media\/377"}],"wp:attachment":[{"href":"https:\/\/revivalheal.com\/pt\/wp-json\/wp\/v2\/media?parent=333"}],"curies":[{"name":"wp","href":"https:\/\/api.w.org\/{rel}","templated":true}]}}