{"id":337,"date":"2023-08-26T10:01:58","date_gmt":"2023-08-26T10:01:58","guid":{"rendered":"https:\/\/liferevivalstg.wpengine.com\/?page_id=337"},"modified":"2023-09-08T19:15:04","modified_gmt":"2023-09-08T19:15:04","slug":"terms-conditions","status":"publish","type":"page","link":"https:\/\/revivalheal.com\/es\/terms-conditions\/","title":{"rendered":"TERMS &#038; CONDITIONS"},"content":{"rendered":"<div data-elementor-type=\"wp-page\" data-elementor-id=\"337\" class=\"elementor elementor-337\" data-elementor-post-type=\"page\">\n\t\t\t\t\t\t<section class=\"elementor-section elementor-top-section elementor-element elementor-element-75d8cc4 elementor-section-content-middle elementor-section-height-min-height elementor-section-boxed elementor-section-height-default elementor-section-items-middle\" data-id=\"75d8cc4\" data-element_type=\"section\" data-e-type=\"section\" data-settings=\"{&quot;background_background&quot;:&quot;classic&quot;}\">\n\t\t\t\t\t\t\t<div class=\"elementor-background-overlay\"><\/div>\n\t\t\t\t\t\t\t<div class=\"elementor-container elementor-column-gap-default\">\n\t\t\t\t\t<div class=\"elementor-column elementor-col-100 elementor-top-column elementor-element elementor-element-1347a11\" data-id=\"1347a11\" data-element_type=\"column\" data-e-type=\"column\">\n\t\t\t<div class=\"elementor-widget-wrap elementor-element-populated\">\n\t\t\t\t\t\t<div class=\"elementor-element elementor-element-6d36061 elementor-headline--style-highlight elementor-widget elementor-widget-animated-headline\" data-id=\"6d36061\" data-element_type=\"widget\" data-e-type=\"widget\" data-settings=\"{&quot;highlighted_text&quot;:&quot;CONDITIONS&quot;,&quot;headline_style&quot;:&quot;highlight&quot;,&quot;marker&quot;:&quot;circle&quot;,&quot;loop&quot;:&quot;yes&quot;,&quot;highlight_animation_duration&quot;:1200,&quot;highlight_iteration_delay&quot;:8000}\" data-widget_type=\"animated-headline.default\">\n\t\t\t\t<div class=\"elementor-widget-container\">\n\t\t\t\t\t\t\t<h1 class=\"elementor-headline\">\n\t\t\t\t\t<span class=\"elementor-headline-plain-text elementor-headline-text-wrapper\">TERMS &amp; <\/span>\n\t\t\t\t<span class=\"elementor-headline-dynamic-wrapper elementor-headline-text-wrapper\">\n\t\t\t\t\t<span class=\"elementor-headline-dynamic-text elementor-headline-text-active\">CONDICIONES<\/span>\n\t\t\t\t<\/span>\n\t\t\t\t<\/h1>\n\t\t\t\t\t\t<\/div>\n\t\t\t\t<\/div>\n\t\t\t\t\t<\/div>\n\t\t<\/div>\n\t\t\t\t\t<\/div>\n\t\t<\/section>\n\t\t\t\t<section class=\"elementor-section elementor-top-section elementor-element elementor-element-11521ce9 elementor-section-boxed elementor-section-height-default elementor-section-height-default\" data-id=\"11521ce9\" data-element_type=\"section\" data-e-type=\"section\">\n\t\t\t\t\t\t<div class=\"elementor-container elementor-column-gap-default\">\n\t\t\t\t\t<div class=\"elementor-column elementor-col-100 elementor-top-column elementor-element elementor-element-2c5ec1d1\" data-id=\"2c5ec1d1\" data-element_type=\"column\" data-e-type=\"column\">\n\t\t\t<div class=\"elementor-widget-wrap elementor-element-populated\">\n\t\t\t\t\t\t<div class=\"elementor-element elementor-element-6ae80a54 elementor-widget elementor-widget-text-editor\" data-id=\"6ae80a54\" data-element_type=\"widget\" data-e-type=\"widget\" data-widget_type=\"text-editor.default\">\n\t\t\t\t<div class=\"elementor-widget-container\">\n\t\t\t\t\t\t\t\t\t<h2><span style=\"color: #333333;\">1. T\u00e9rminos<\/span><\/h2><p>Al acceder a este sitio web, accesible desde <a href=\"https:\/\/revivalheal.com\/es\/\"><span style=\"text-decoration: underline;\"><strong><span style=\"color: #333333; text-decoration: underline;\">https:\/\/revivalheal.com\/<\/span><\/strong><\/span><\/a>Si no est\u00e1 de acuerdo con cualquiera de estas condiciones, se le proh\u00edbe el acceso a este sitio web. Si no est\u00e1 de acuerdo con alguno de estos t\u00e9rminos, se le proh\u00edbe el acceso a este sitio. Los materiales contenidos en este sitio web est\u00e1n protegidos por la legislaci\u00f3n sobre derechos de autor y marcas.<\/p><h2><span style=\"color: #333333;\">2. Licencia de uso<\/span><\/h2><p>Se concede permiso para descargar temporalmente una copia de los materiales del sitio web de Life Revival s\u00f3lo para uso personal, no comercial y transitorio. Esta es la concesi\u00f3n de una licencia, no una transferencia de t\u00edtulo, y bajo esta licencia usted no puede:<\/p><ul><li>modificar o copiar los materiales;<\/li><li>utilizar los materiales con fines comerciales o para su exhibici\u00f3n p\u00fablica;<\/li><li>intentar aplicar ingenier\u00eda inversa a ning\u00fan software contenido en el sitio web de Life Revival;<\/li><li>eliminar de los materiales cualquier menci\u00f3n relativa a derechos de autor u otros derechos de propiedad; o<\/li><li>transferir los materiales a otra persona o \u00abreflejar\u00bb los materiales en cualquier otro servidor.<\/li><\/ul><p>Esto permitir\u00e1 que Life Revival finalice en caso de violaci\u00f3n de cualquiera de estas restricciones. Tras la cancelaci\u00f3n, tambi\u00e9n se cancelar\u00e1 su derecho de visualizaci\u00f3n y deber\u00e1 destruir cualquier material descargado que posea, ya sea en formato impreso o electr\u00f3nico. Estas Condiciones de servicio han sido creadas con la ayuda del <span style=\"text-decoration: underline;\"><strong><span style=\"color: #333333; text-decoration: underline;\"><a style=\"color: #333333; text-decoration: underline;\" href=\"https:\/\/www.termsofservicegenerator.net\">Generador de condiciones de servicio<\/a>.<\/span><\/strong><\/span><\/p><h2><span style=\"color: #333333;\">3. Descargo de responsabilidad<\/span><\/h2><p>Todos los materiales del sitio web de Life Revival se proporcionan \u00abtal cual\u00bb.<span style=\"font-family: var(--global-body-font-family);\">Renacimiento de la vida <\/span>no ofrece ninguna garant\u00eda, ya sea expresa o impl\u00edcita, por lo que niega cualquier otra garant\u00eda. Adem\u00e1s, <span style=\"font-family: var(--global-body-font-family);\">Renacimiento de la vida <\/span><span style=\"font-family: var(--global-body-font-family);\">no hace ninguna declaraci\u00f3n sobre la exactitud o fiabilidad del uso de los materiales de su sitio web o relacionados de otro modo con dichos materiales o cualquier sitio vinculado a este sitio web.<\/span><\/p><h2><span style=\"color: #333333;\">4. Limitaciones<\/span><\/h2><p>Life Revival o sus proveedores no ser\u00e1n responsables de ning\u00fan da\u00f1o que surja del uso o incapacidad de uso de los materiales en el sitio web de Life Revival.<span style=\"font-family: var(--global-body-font-family);\">Renacimiento de la vida <\/span>Sitio web, aunque <span style=\"font-family: var(--global-body-font-family);\">Renacimiento de la vida <\/span><span style=\"font-family: var(--global-body-font-family);\">o un representante autorizado de este Sitio Web haya sido notificado, verbalmente o por escrito, de la posibilidad de tales da\u00f1os. Algunas jurisdicciones no permiten limitaciones en las garant\u00edas impl\u00edcitas o limitaciones de responsabilidad por da\u00f1os incidentales, estas limitaciones pueden no aplicarse a usted.<\/span><\/p><h2><span style=\"color: #333333;\">5. Revisiones y erratas<\/span><\/h2><p>Los materiales que aparecen en el sitio web de Life Revival pueden incluir errores t\u00e9cnicos, tipogr\u00e1ficos o fotogr\u00e1ficos. <span style=\"font-family: var(--global-body-font-family);\">Renacimiento de la vida <\/span><span style=\"font-family: var(--global-body-font-family);\">no promete que ninguno de los materiales de este sitio web sea exacto, completo o actual.<\/span><span style=\"font-family: var(--global-body-font-family);\">Renacimiento de la vida<\/span><span style=\"font-family: var(--global-body-font-family);\">\u00a0puede modificar los materiales contenidos en su sitio web en cualquier momento y sin previo aviso. <\/span><span style=\"font-family: var(--global-body-font-family);\">Renacimiento de la vida <\/span><span style=\"font-family: var(--global-body-font-family);\">no se compromete a actualizar los materiales.<\/span><\/p><h2><span style=\"color: #333333;\">6. Enlaces<\/span><\/h2><p>Life Revival no ha revisado todos los sitios vinculados a su sitio Web y no es responsable de los contenidos de dichos sitios vinculados. La presencia de cualquier enlace no implica la aprobaci\u00f3n por parte de <span style=\"font-family: var(--global-body-font-family);\">Renacimiento de la vida <\/span><span style=\"font-family: var(--global-body-font-family);\">del sitio. El uso de cualquier sitio web enlazado corre por cuenta y riesgo del usuario.<\/span><\/p><h2><span style=\"color: #333333;\">7. Modificaciones de las condiciones de uso del sitio<\/span><\/h2><p>Life Revival puede revisar estas Condiciones de Uso de su Sitio Web en cualquier momento y sin previo aviso. Al utilizar este sitio web, usted acepta estar obligado por la versi\u00f3n actual de estos T\u00e9rminos y Condiciones de Uso.<\/p><h2><span style=\"color: #333333;\">8. Su intimidad<\/span><\/h2><p>Lea nuestra Pol\u00edtica de privacidad.<\/p><h2><span style=\"color: #333333;\">9. Derecho aplicable<\/span><\/h2><p>Cualquier reclamaci\u00f3n relacionada con Life Revival Website se regir\u00e1 por las leyes de af sin tener en cuenta su conflicto de disposiciones legales.<\/p>\t\t\t\t\t\t\t\t<\/div>\n\t\t\t\t<\/div>\n\t\t\t\t\t<\/div>\n\t\t<\/div>\n\t\t\t\t\t<\/div>\n\t\t<\/section>\n\t\t\t\t<\/div>","protected":false},"excerpt":{"rendered":"<p>TERMS &amp; CONDITIONS 1. Terms By accessing this Website, accessible from https:\/\/revivalheal.com\/, you are agreeing to be bound by these Website Terms and Conditions of Use and agree that you are responsible for the agreement with any applicable local laws. If you disagree with any of these terms, you are prohibited from accessing this site&#8230;.<\/p>","protected":false},"author":3,"featured_media":377,"parent":0,"menu_order":0,"comment_status":"closed","ping_status":"closed","template":"","meta":{"_kad_post_transparent":"default","_kad_post_title":"hide","_kad_post_layout":"fullwidth","_kad_post_sidebar_id":"","_kad_post_content_style":"unboxed","_kad_post_vertical_padding":"hide","_kad_post_feature":"hide","_kad_post_feature_position":"","_kad_post_header":false,"_kad_post_footer":false,"_kad_post_classname":"","footnotes":""},"class_list":["post-337","page","type-page","status-publish","has-post-thumbnail","hentry"],"yoast_head":"<!-- This site is optimized with the Yoast SEO Premium plugin v20.13 (Yoast SEO v27.4) - https:\/\/yoast.com\/product\/yoast-seo-premium-wordpress\/ -->\n<title>Life Revival | TERMS &amp; CONDITIONS<\/title>\n<meta name=\"description\" content=\"By accessing this Website, accessible from https:\/\/revivalheal.com\/, you are agreeing to be bound by these Website Terms and Conditions of Use and agree that you are responsible for the agreement with any applicable local laws.\" \/>\n<meta name=\"robots\" content=\"index, follow, max-snippet:-1, max-image-preview:large, max-video-preview:-1\" \/>\n<link rel=\"canonical\" href=\"https:\/\/revivalheal.com\/es\/terms-conditions\/\" \/>\n<meta property=\"og:locale\" content=\"es_ES\" \/>\n<meta property=\"og:type\" content=\"article\" \/>\n<meta property=\"og:title\" content=\"TERMS &amp; CONDITIONS\" \/>\n<meta property=\"og:description\" content=\"By accessing this Website, accessible from https:\/\/revivalheal.com\/, you are agreeing to be bound by these Website Terms and Conditions of Use and agree that you are responsible for the agreement with any applicable local laws.\" \/>\n<meta property=\"og:url\" content=\"https:\/\/revivalheal.com\/es\/terms-conditions\/\" \/>\n<meta property=\"og:site_name\" content=\"Life Revival\" \/>\n<meta property=\"article:modified_time\" content=\"2023-09-08T19:15:04+00:00\" \/>\n<meta property=\"og:image\" content=\"https:\/\/revivalheal.com\/wp-content\/uploads\/2023\/09\/liferevival.png\" \/>\n\t<meta property=\"og:image:width\" content=\"1200\" \/>\n\t<meta property=\"og:image:height\" content=\"630\" \/>\n\t<meta property=\"og:image:type\" content=\"image\/png\" \/>\n<meta name=\"twitter:card\" content=\"summary_large_image\" \/>\n<meta name=\"twitter:label1\" content=\"Est. reading time\" \/>\n\t<meta name=\"twitter:data1\" content=\"3 minutes\" \/>\n<script type=\"application\/ld+json\" class=\"yoast-schema-graph\">{\"@context\":\"https:\\\/\\\/schema.org\",\"@graph\":[{\"@type\":\"WebPage\",\"@id\":\"https:\\\/\\\/revivalheal.com\\\/terms-conditions\\\/\",\"url\":\"https:\\\/\\\/revivalheal.com\\\/terms-conditions\\\/\",\"name\":\"Life Revival | TERMS & CONDITIONS\",\"isPartOf\":{\"@id\":\"https:\\\/\\\/revivalheal.com\\\/#website\"},\"primaryImageOfPage\":{\"@id\":\"https:\\\/\\\/revivalheal.com\\\/terms-conditions\\\/#primaryimage\"},\"image\":{\"@id\":\"https:\\\/\\\/revivalheal.com\\\/terms-conditions\\\/#primaryimage\"},\"thumbnailUrl\":\"https:\\\/\\\/revivalheal.com\\\/wp-content\\\/uploads\\\/2023\\\/09\\\/liferevival.png\",\"datePublished\":\"2023-08-26T10:01:58+00:00\",\"dateModified\":\"2023-09-08T19:15:04+00:00\",\"description\":\"By accessing this Website, accessible from https:\\\/\\\/revivalheal.com\\\/, you are agreeing to be bound by these Website Terms and Conditions of Use and agree that you are responsible for the agreement with any applicable local laws.\",\"breadcrumb\":{\"@id\":\"https:\\\/\\\/revivalheal.com\\\/terms-conditions\\\/#breadcrumb\"},\"inLanguage\":\"es-ES\",\"potentialAction\":[{\"@type\":\"ReadAction\",\"target\":[\"https:\\\/\\\/revivalheal.com\\\/terms-conditions\\\/\"]}]},{\"@type\":\"ImageObject\",\"inLanguage\":\"es-ES\",\"@id\":\"https:\\\/\\\/revivalheal.com\\\/terms-conditions\\\/#primaryimage\",\"url\":\"https:\\\/\\\/revivalheal.com\\\/wp-content\\\/uploads\\\/2023\\\/09\\\/liferevival.png\",\"contentUrl\":\"https:\\\/\\\/revivalheal.com\\\/wp-content\\\/uploads\\\/2023\\\/09\\\/liferevival.png\",\"width\":1200,\"height\":630},{\"@type\":\"BreadcrumbList\",\"@id\":\"https:\\\/\\\/revivalheal.com\\\/terms-conditions\\\/#breadcrumb\",\"itemListElement\":[{\"@type\":\"ListItem\",\"position\":1,\"name\":\"Home\",\"item\":\"https:\\\/\\\/revivalheal.com\\\/\"},{\"@type\":\"ListItem\",\"position\":2,\"name\":\"TERMS &#038; CONDITIONS\"}]},{\"@type\":\"WebSite\",\"@id\":\"https:\\\/\\\/revivalheal.com\\\/#website\",\"url\":\"https:\\\/\\\/revivalheal.com\\\/\",\"name\":\"Life Revival\",\"description\":\"\",\"publisher\":{\"@id\":\"https:\\\/\\\/revivalheal.com\\\/#organization\"},\"potentialAction\":[{\"@type\":\"SearchAction\",\"target\":{\"@type\":\"EntryPoint\",\"urlTemplate\":\"https:\\\/\\\/revivalheal.com\\\/?s={search_term_string}\"},\"query-input\":{\"@type\":\"PropertyValueSpecification\",\"valueRequired\":true,\"valueName\":\"search_term_string\"}}],\"inLanguage\":\"es-ES\"},{\"@type\":\"Organization\",\"@id\":\"https:\\\/\\\/revivalheal.com\\\/#organization\",\"name\":\"Life Revival\",\"url\":\"https:\\\/\\\/revivalheal.com\\\/\",\"logo\":{\"@type\":\"ImageObject\",\"inLanguage\":\"es-ES\",\"@id\":\"https:\\\/\\\/revivalheal.com\\\/#\\\/schema\\\/logo\\\/image\\\/\",\"url\":\"https:\\\/\\\/revivalheal.com\\\/wp-content\\\/uploads\\\/2023\\\/06\\\/liferevival-e1686929461706.png\",\"contentUrl\":\"https:\\\/\\\/revivalheal.com\\\/wp-content\\\/uploads\\\/2023\\\/06\\\/liferevival-e1686929461706.png\",\"width\":770,\"height\":115,\"caption\":\"Life Revival\"},\"image\":{\"@id\":\"https:\\\/\\\/revivalheal.com\\\/#\\\/schema\\\/logo\\\/image\\\/\"}}]}<\/script>\n<!-- \/ Yoast SEO Premium plugin. -->","yoast_head_json":{"title":"Life Revival | TERMS & CONDITIONS","description":"By accessing this Website, accessible from https:\/\/revivalheal.com\/, you are agreeing to be bound by these Website Terms and Conditions of Use and agree that you are responsible for the agreement with any applicable local laws.","robots":{"index":"index","follow":"follow","max-snippet":"max-snippet:-1","max-image-preview":"max-image-preview:large","max-video-preview":"max-video-preview:-1"},"canonical":"https:\/\/revivalheal.com\/es\/terms-conditions\/","og_locale":"es_ES","og_type":"article","og_title":"TERMS & CONDITIONS","og_description":"By accessing this Website, accessible from https:\/\/revivalheal.com\/, you are agreeing to be bound by these Website Terms and Conditions of Use and agree that you are responsible for the agreement with any applicable local laws.","og_url":"https:\/\/revivalheal.com\/es\/terms-conditions\/","og_site_name":"Life Revival","article_modified_time":"2023-09-08T19:15:04+00:00","og_image":[{"width":1200,"height":630,"url":"https:\/\/revivalheal.com\/wp-content\/uploads\/2023\/09\/liferevival.png","type":"image\/png"}],"twitter_card":"summary_large_image","twitter_misc":{"Est. reading time":"3 minutes"},"schema":{"@context":"https:\/\/schema.org","@graph":[{"@type":"WebPage","@id":"https:\/\/revivalheal.com\/terms-conditions\/","url":"https:\/\/revivalheal.com\/terms-conditions\/","name":"Life Revival | TERMS & CONDITIONS","isPartOf":{"@id":"https:\/\/revivalheal.com\/#website"},"primaryImageOfPage":{"@id":"https:\/\/revivalheal.com\/terms-conditions\/#primaryimage"},"image":{"@id":"https:\/\/revivalheal.com\/terms-conditions\/#primaryimage"},"thumbnailUrl":"https:\/\/revivalheal.com\/wp-content\/uploads\/2023\/09\/liferevival.png","datePublished":"2023-08-26T10:01:58+00:00","dateModified":"2023-09-08T19:15:04+00:00","description":"By accessing this Website, accessible from https:\/\/revivalheal.com\/, you are agreeing to be bound by these Website Terms and Conditions of Use and agree that you are responsible for the agreement with any applicable local laws.","breadcrumb":{"@id":"https:\/\/revivalheal.com\/terms-conditions\/#breadcrumb"},"inLanguage":"es-ES","potentialAction":[{"@type":"ReadAction","target":["https:\/\/revivalheal.com\/terms-conditions\/"]}]},{"@type":"ImageObject","inLanguage":"es-ES","@id":"https:\/\/revivalheal.com\/terms-conditions\/#primaryimage","url":"https:\/\/revivalheal.com\/wp-content\/uploads\/2023\/09\/liferevival.png","contentUrl":"https:\/\/revivalheal.com\/wp-content\/uploads\/2023\/09\/liferevival.png","width":1200,"height":630},{"@type":"BreadcrumbList","@id":"https:\/\/revivalheal.com\/terms-conditions\/#breadcrumb","itemListElement":[{"@type":"ListItem","position":1,"name":"Home","item":"https:\/\/revivalheal.com\/"},{"@type":"ListItem","position":2,"name":"TERMS &#038; CONDITIONS"}]},{"@type":"WebSite","@id":"https:\/\/revivalheal.com\/#website","url":"https:\/\/revivalheal.com\/","name":"Renacimiento de la vida","description":"","publisher":{"@id":"https:\/\/revivalheal.com\/#organization"},"potentialAction":[{"@type":"SearchAction","target":{"@type":"EntryPoint","urlTemplate":"https:\/\/revivalheal.com\/?s={search_term_string}"},"query-input":{"@type":"PropertyValueSpecification","valueRequired":true,"valueName":"search_term_string"}}],"inLanguage":"es-ES"},{"@type":"Organization","@id":"https:\/\/revivalheal.com\/#organization","name":"Renacimiento de la vida","url":"https:\/\/revivalheal.com\/","logo":{"@type":"ImageObject","inLanguage":"es-ES","@id":"https:\/\/revivalheal.com\/#\/schema\/logo\/image\/","url":"https:\/\/revivalheal.com\/wp-content\/uploads\/2023\/06\/liferevival-e1686929461706.png","contentUrl":"https:\/\/revivalheal.com\/wp-content\/uploads\/2023\/06\/liferevival-e1686929461706.png","width":770,"height":115,"caption":"Life Revival"},"image":{"@id":"https:\/\/revivalheal.com\/#\/schema\/logo\/image\/"}}]}},"_links":{"self":[{"href":"https:\/\/revivalheal.com\/es\/wp-json\/wp\/v2\/pages\/337","targetHints":{"allow":["GET"]}}],"collection":[{"href":"https:\/\/revivalheal.com\/es\/wp-json\/wp\/v2\/pages"}],"about":[{"href":"https:\/\/revivalheal.com\/es\/wp-json\/wp\/v2\/types\/page"}],"author":[{"embeddable":true,"href":"https:\/\/revivalheal.com\/es\/wp-json\/wp\/v2\/users\/3"}],"replies":[{"embeddable":true,"href":"https:\/\/revivalheal.com\/es\/wp-json\/wp\/v2\/comments?post=337"}],"version-history":[{"count":0,"href":"https:\/\/revivalheal.com\/es\/wp-json\/wp\/v2\/pages\/337\/revisions"}],"wp:featuredmedia":[{"embeddable":true,"href":"https:\/\/revivalheal.com\/es\/wp-json\/wp\/v2\/media\/377"}],"wp:attachment":[{"href":"https:\/\/revivalheal.com\/es\/wp-json\/wp\/v2\/media?parent=337"}],"curies":[{"name":"wp","href":"https:\/\/api.w.org\/{rel}","templated":true}]}}