{"id":333,"date":"2023-08-26T09:47:09","date_gmt":"2023-08-26T09:47:09","guid":{"rendered":"https:\/\/liferevivalstg.wpengine.com\/?page_id=333"},"modified":"2023-09-08T19:14:19","modified_gmt":"2023-09-08T19:14:19","slug":"privacy-policy","status":"publish","type":"page","link":"https:\/\/revivalheal.com\/es\/privacy-policy\/","title":{"rendered":"PRIVACY POLICY"},"content":{"rendered":"<div data-elementor-type=\"wp-page\" data-elementor-id=\"333\" class=\"elementor elementor-333\" data-elementor-post-type=\"page\">\n\t\t\t\t\t\t<section class=\"elementor-section elementor-top-section elementor-element elementor-element-45fb648 elementor-section-content-middle elementor-section-height-min-height elementor-section-boxed elementor-section-height-default elementor-section-items-middle\" data-id=\"45fb648\" data-element_type=\"section\" data-e-type=\"section\" data-settings=\"{&quot;background_background&quot;:&quot;classic&quot;}\">\n\t\t\t\t\t\t\t<div class=\"elementor-background-overlay\"><\/div>\n\t\t\t\t\t\t\t<div class=\"elementor-container elementor-column-gap-default\">\n\t\t\t\t\t<div class=\"elementor-column elementor-col-100 elementor-top-column elementor-element elementor-element-4aad0fc\" data-id=\"4aad0fc\" data-element_type=\"column\" data-e-type=\"column\">\n\t\t\t<div class=\"elementor-widget-wrap elementor-element-populated\">\n\t\t\t\t\t\t<div class=\"elementor-element elementor-element-586f639 elementor-headline--style-highlight elementor-widget elementor-widget-animated-headline\" data-id=\"586f639\" data-element_type=\"widget\" data-e-type=\"widget\" data-settings=\"{&quot;highlighted_text&quot;:&quot;POLICY&quot;,&quot;headline_style&quot;:&quot;highlight&quot;,&quot;marker&quot;:&quot;circle&quot;,&quot;loop&quot;:&quot;yes&quot;,&quot;highlight_animation_duration&quot;:1200,&quot;highlight_iteration_delay&quot;:8000}\" data-widget_type=\"animated-headline.default\">\n\t\t\t\t<div class=\"elementor-widget-container\">\n\t\t\t\t\t\t\t<h1 class=\"elementor-headline\">\n\t\t\t\t\t<span class=\"elementor-headline-plain-text elementor-headline-text-wrapper\">PRIVACIDAD <\/span>\n\t\t\t\t<span class=\"elementor-headline-dynamic-wrapper elementor-headline-text-wrapper\">\n\t\t\t\t\t<span class=\"elementor-headline-dynamic-text elementor-headline-text-active\">POL\u00cdTICA<\/span>\n\t\t\t\t<\/span>\n\t\t\t\t<\/h1>\n\t\t\t\t\t\t<\/div>\n\t\t\t\t<\/div>\n\t\t\t\t\t<\/div>\n\t\t<\/div>\n\t\t\t\t\t<\/div>\n\t\t<\/section>\n\t\t\t\t<section class=\"elementor-section elementor-top-section elementor-element elementor-element-5f221c00 elementor-section-boxed elementor-section-height-default elementor-section-height-default\" data-id=\"5f221c00\" data-element_type=\"section\" data-e-type=\"section\">\n\t\t\t\t\t\t<div class=\"elementor-container elementor-column-gap-default\">\n\t\t\t\t\t<div class=\"elementor-column elementor-col-100 elementor-top-column elementor-element elementor-element-315df193\" data-id=\"315df193\" data-element_type=\"column\" data-e-type=\"column\">\n\t\t\t<div class=\"elementor-widget-wrap elementor-element-populated\">\n\t\t\t\t\t\t<div class=\"elementor-element elementor-element-72289ced elementor-widget elementor-widget-text-editor\" data-id=\"72289ced\" data-element_type=\"widget\" data-e-type=\"widget\" data-widget_type=\"text-editor.default\">\n\t\t\t\t<div class=\"elementor-widget-container\">\n\t\t\t\t\t\t\t\t\t<p>Esta pol\u00edtica de privacidad (\u00abpol\u00edtica\u00bb) le ayudar\u00e1 a entender c\u00f3mo Life Revival utiliza y protege los datos que usted nos proporciona cuando visita y utiliza <span style=\"text-decoration: underline; color: #333333;\"><strong><a style=\"color: #333333; text-decoration: underline;\" href=\"https:\/\/revivalheal.com\/es\/\">https:\/\/revivalheal.com\/<\/a><\/strong><\/span><\/p><p>Nos reservamos el derecho a modificar esta pol\u00edtica en cualquier momento, de lo que se le informar\u00e1 puntualmente. Si desea asegurarse de que est\u00e1 al corriente de los \u00faltimos cambios, le aconsejamos que visite con frecuencia esta p\u00e1gina.<\/p><h2><span style=\"color: #333333;\">Qu\u00e9 datos de usuario recopilamos<\/span><\/h2><p>When you visit the website, we may collect the following data:<\/p><ul><li>Tu direcci\u00f3n IP.<\/li><li>Su informaci\u00f3n de contacto y direcci\u00f3n de correo electr\u00f3nico.<\/li><li>Otros datos, como intereses y preferencias.<\/li><li>Perfil de datos relativos a su comportamiento en l\u00ednea en nuestro sitio web.<\/li><\/ul><h2><span style=\"color: #333333;\"><b>Por qu\u00e9 recopilamos sus datos<\/b><\/span><\/h2><p>Recogemos sus datos por varias razones:<\/p><ul><li>Para comprender mejor sus necesidades.<\/li><li>Para mejorar nuestros servicios y productos.<\/li><li>Para enviarle correos electr\u00f3nicos promocionales que contengan informaci\u00f3n que consideremos de su inter\u00e9s.<\/li><li>Ponernos en contacto con usted para que rellene encuestas y participe en otros tipos de estudios de mercado.<\/li><li>Para personalizar nuestro sitio web de acuerdo con su comportamiento en l\u00ednea y sus preferencias personales.<\/li><\/ul><h2><span style=\"color: #333333;\"><b>Protecci\u00f3n y seguridad de los datos<\/b><\/span><\/h2><p>Life Revival se compromete a proteger sus datos y a mantenerlos confidenciales. Life Revival ha hecho todo lo posible para evitar el robo de datos, el acceso no autorizado y la divulgaci\u00f3n mediante la implementaci\u00f3n de las \u00faltimas tecnolog\u00edas y software, que nos ayudan a salvaguardar toda la informaci\u00f3n que recopilamos en l\u00ednea.<\/p><h2><span style=\"color: #333333;\"><b>Nuestra pol\u00edtica de cookies<\/b><\/span><\/h2><p>Una vez que acepta que nuestro sitio web utilice cookies, tambi\u00e9n acepta el uso de los datos que recopila sobre su comportamiento en l\u00ednea (analizar el tr\u00e1fico web, las p\u00e1ginas web en las que pasa m\u00e1s tiempo y los sitios web que visita).<\/p><p>Los datos que recopilamos mediante el uso de cookies se utilizan para adaptar nuestro sitio web a sus necesidades. Despu\u00e9s de utilizar los datos para an\u00e1lisis estad\u00edsticos, los datos se eliminan completamente de nuestros sistemas.<\/p><p>Tenga en cuenta que las cookies no nos permiten controlar su ordenador de ninguna manera. Se utilizan estrictamente para controlar qu\u00e9 p\u00e1ginas le resultan \u00fatiles y cu\u00e1les no, de modo que podamos ofrecerle una mejor experiencia.<\/p><p>Si desea desactivar las cookies, puede hacerlo accediendo a la configuraci\u00f3n de su navegador de Internet. (Proporcionar enlaces para la configuraci\u00f3n de cookies para los principales navegadores de Internet).<\/p><h2><span style=\"color: #333333;\"><b>Enlaces a otros sitios web<\/b><\/span><\/h2><p>Nuestro sitio web contiene enlaces que conducen a otros sitios web. Si hace clic en estos enlaces, Life Revival no se hace responsable de la protecci\u00f3n de sus datos y su privacidad. La visita a esos sitios web no se rige por este acuerdo de pol\u00edtica de privacidad. Aseg\u00farese de leer la documentaci\u00f3n sobre pol\u00edtica de privacidad del sitio web al que acceda desde el nuestro.<\/p><h2><span style=\"color: #333333;\"><b>Restricci\u00f3n de la recogida de sus datos personales<\/b><\/span><\/h2><p>Es posible que en alg\u00fan momento desee restringir el uso y la recogida de sus datos personales. Puede conseguirlo haciendo lo siguiente:<\/p><p>Cuando rellene los formularios del sitio web, aseg\u00farese de que existe una casilla que puede dejar sin marcar si no desea revelar sus datos personales.<\/p><p>Si ya ha aceptado compartir su informaci\u00f3n con nosotros, no dude en ponerse en contacto con nosotros por correo electr\u00f3nico y estaremos encantados de cambiarla.<\/p><p>Life Revival no alquilar\u00e1, vender\u00e1 ni distribuir\u00e1 su informaci\u00f3n personal a terceros, a menos que contemos con su permiso. Podr\u00edamos hacerlo si la ley nos obliga. Su informaci\u00f3n personal se utilizar\u00e1 cuando necesitemos enviarle material promocional si acepta esta pol\u00edtica de privacidad.<\/p>\t\t\t\t\t\t\t\t<\/div>\n\t\t\t\t<\/div>\n\t\t\t\t\t<\/div>\n\t\t<\/div>\n\t\t\t\t\t<\/div>\n\t\t<\/section>\n\t\t\t\t<\/div>","protected":false},"excerpt":{"rendered":"<p>PRIVACY POLICY This privacy policy (&#8220;policy&#8221;) will help you understand how Life Revival uses and protects the data you provide to us when you visit and use https:\/\/revivalheal.com\/ We reserve the right to change this policy at any given time, of which you will be promptly updated. If you want to make sure that you&#8230;<\/p>","protected":false},"author":3,"featured_media":377,"parent":0,"menu_order":0,"comment_status":"closed","ping_status":"closed","template":"elementor_header_footer","meta":{"_kad_post_transparent":"default","_kad_post_title":"hide","_kad_post_layout":"fullwidth","_kad_post_sidebar_id":"","_kad_post_content_style":"unboxed","_kad_post_vertical_padding":"hide","_kad_post_feature":"hide","_kad_post_feature_position":"","_kad_post_header":false,"_kad_post_footer":false,"_kad_post_classname":"","footnotes":""},"class_list":["post-333","page","type-page","status-publish","has-post-thumbnail","hentry"],"yoast_head":"<!-- This site is optimized with the Yoast SEO Premium plugin v20.13 (Yoast SEO v27.4) - https:\/\/yoast.com\/product\/yoast-seo-premium-wordpress\/ -->\n<title>Life Revival | PRIVACY POLICY<\/title>\n<meta name=\"description\" content=\"This privacy policy (\u201cpolicy\u201d) will help you understand how Life Revival uses and protects the data you provide to us when you visit and use https:\/\/revivalheal.com\/\" \/>\n<meta name=\"robots\" content=\"index, follow, max-snippet:-1, max-image-preview:large, max-video-preview:-1\" \/>\n<link rel=\"canonical\" href=\"https:\/\/revivalheal.com\/es\/privacy-policy\/\" \/>\n<meta property=\"og:locale\" content=\"es_ES\" \/>\n<meta property=\"og:type\" content=\"article\" \/>\n<meta property=\"og:title\" content=\"PRIVACY POLICY\" \/>\n<meta property=\"og:description\" content=\"This privacy policy (\u201cpolicy\u201d) will help you understand how Life Revival uses and protects the data you provide to us when you visit and use https:\/\/revivalheal.com\/\" \/>\n<meta property=\"og:url\" content=\"https:\/\/revivalheal.com\/es\/privacy-policy\/\" \/>\n<meta property=\"og:site_name\" content=\"Life Revival\" \/>\n<meta property=\"article:modified_time\" content=\"2023-09-08T19:14:19+00:00\" \/>\n<meta property=\"og:image\" content=\"https:\/\/revivalheal.com\/wp-content\/uploads\/2023\/09\/liferevival.png\" \/>\n\t<meta property=\"og:image:width\" content=\"1200\" \/>\n\t<meta property=\"og:image:height\" content=\"630\" \/>\n\t<meta property=\"og:image:type\" content=\"image\/png\" \/>\n<meta name=\"twitter:card\" content=\"summary_large_image\" \/>\n<meta name=\"twitter:label1\" content=\"Est. reading time\" \/>\n\t<meta name=\"twitter:data1\" content=\"3 minutes\" \/>\n<script type=\"application\/ld+json\" class=\"yoast-schema-graph\">{\"@context\":\"https:\\\/\\\/schema.org\",\"@graph\":[{\"@type\":\"WebPage\",\"@id\":\"https:\\\/\\\/revivalheal.com\\\/privacy-policy\\\/\",\"url\":\"https:\\\/\\\/revivalheal.com\\\/privacy-policy\\\/\",\"name\":\"Life Revival | PRIVACY POLICY\",\"isPartOf\":{\"@id\":\"https:\\\/\\\/revivalheal.com\\\/#website\"},\"primaryImageOfPage\":{\"@id\":\"https:\\\/\\\/revivalheal.com\\\/privacy-policy\\\/#primaryimage\"},\"image\":{\"@id\":\"https:\\\/\\\/revivalheal.com\\\/privacy-policy\\\/#primaryimage\"},\"thumbnailUrl\":\"https:\\\/\\\/revivalheal.com\\\/wp-content\\\/uploads\\\/2023\\\/09\\\/liferevival.png\",\"datePublished\":\"2023-08-26T09:47:09+00:00\",\"dateModified\":\"2023-09-08T19:14:19+00:00\",\"description\":\"This privacy policy (\u201cpolicy\u201d) will help you understand how Life Revival uses and protects the data you provide to us when you visit and use https:\\\/\\\/revivalheal.com\\\/\",\"breadcrumb\":{\"@id\":\"https:\\\/\\\/revivalheal.com\\\/privacy-policy\\\/#breadcrumb\"},\"inLanguage\":\"es-ES\",\"potentialAction\":[{\"@type\":\"ReadAction\",\"target\":[\"https:\\\/\\\/revivalheal.com\\\/privacy-policy\\\/\"]}]},{\"@type\":\"ImageObject\",\"inLanguage\":\"es-ES\",\"@id\":\"https:\\\/\\\/revivalheal.com\\\/privacy-policy\\\/#primaryimage\",\"url\":\"https:\\\/\\\/revivalheal.com\\\/wp-content\\\/uploads\\\/2023\\\/09\\\/liferevival.png\",\"contentUrl\":\"https:\\\/\\\/revivalheal.com\\\/wp-content\\\/uploads\\\/2023\\\/09\\\/liferevival.png\",\"width\":1200,\"height\":630},{\"@type\":\"BreadcrumbList\",\"@id\":\"https:\\\/\\\/revivalheal.com\\\/privacy-policy\\\/#breadcrumb\",\"itemListElement\":[{\"@type\":\"ListItem\",\"position\":1,\"name\":\"Home\",\"item\":\"https:\\\/\\\/revivalheal.com\\\/\"},{\"@type\":\"ListItem\",\"position\":2,\"name\":\"PRIVACY POLICY\"}]},{\"@type\":\"WebSite\",\"@id\":\"https:\\\/\\\/revivalheal.com\\\/#website\",\"url\":\"https:\\\/\\\/revivalheal.com\\\/\",\"name\":\"Life Revival\",\"description\":\"\",\"publisher\":{\"@id\":\"https:\\\/\\\/revivalheal.com\\\/#organization\"},\"potentialAction\":[{\"@type\":\"SearchAction\",\"target\":{\"@type\":\"EntryPoint\",\"urlTemplate\":\"https:\\\/\\\/revivalheal.com\\\/?s={search_term_string}\"},\"query-input\":{\"@type\":\"PropertyValueSpecification\",\"valueRequired\":true,\"valueName\":\"search_term_string\"}}],\"inLanguage\":\"es-ES\"},{\"@type\":\"Organization\",\"@id\":\"https:\\\/\\\/revivalheal.com\\\/#organization\",\"name\":\"Life Revival\",\"url\":\"https:\\\/\\\/revivalheal.com\\\/\",\"logo\":{\"@type\":\"ImageObject\",\"inLanguage\":\"es-ES\",\"@id\":\"https:\\\/\\\/revivalheal.com\\\/#\\\/schema\\\/logo\\\/image\\\/\",\"url\":\"https:\\\/\\\/revivalheal.com\\\/wp-content\\\/uploads\\\/2023\\\/06\\\/liferevival-e1686929461706.png\",\"contentUrl\":\"https:\\\/\\\/revivalheal.com\\\/wp-content\\\/uploads\\\/2023\\\/06\\\/liferevival-e1686929461706.png\",\"width\":770,\"height\":115,\"caption\":\"Life Revival\"},\"image\":{\"@id\":\"https:\\\/\\\/revivalheal.com\\\/#\\\/schema\\\/logo\\\/image\\\/\"}}]}<\/script>\n<!-- \/ Yoast SEO Premium plugin. -->","yoast_head_json":{"title":"Life Revival | PRIVACY POLICY","description":"This privacy policy (\u201cpolicy\u201d) will help you understand how Life Revival uses and protects the data you provide to us when you visit and use https:\/\/revivalheal.com\/","robots":{"index":"index","follow":"follow","max-snippet":"max-snippet:-1","max-image-preview":"max-image-preview:large","max-video-preview":"max-video-preview:-1"},"canonical":"https:\/\/revivalheal.com\/es\/privacy-policy\/","og_locale":"es_ES","og_type":"article","og_title":"PRIVACY POLICY","og_description":"This privacy policy (\u201cpolicy\u201d) will help you understand how Life Revival uses and protects the data you provide to us when you visit and use https:\/\/revivalheal.com\/","og_url":"https:\/\/revivalheal.com\/es\/privacy-policy\/","og_site_name":"Life Revival","article_modified_time":"2023-09-08T19:14:19+00:00","og_image":[{"width":1200,"height":630,"url":"https:\/\/revivalheal.com\/wp-content\/uploads\/2023\/09\/liferevival.png","type":"image\/png"}],"twitter_card":"summary_large_image","twitter_misc":{"Est. reading time":"3 minutes"},"schema":{"@context":"https:\/\/schema.org","@graph":[{"@type":"WebPage","@id":"https:\/\/revivalheal.com\/privacy-policy\/","url":"https:\/\/revivalheal.com\/privacy-policy\/","name":"Life Revival | PRIVACY POLICY","isPartOf":{"@id":"https:\/\/revivalheal.com\/#website"},"primaryImageOfPage":{"@id":"https:\/\/revivalheal.com\/privacy-policy\/#primaryimage"},"image":{"@id":"https:\/\/revivalheal.com\/privacy-policy\/#primaryimage"},"thumbnailUrl":"https:\/\/revivalheal.com\/wp-content\/uploads\/2023\/09\/liferevival.png","datePublished":"2023-08-26T09:47:09+00:00","dateModified":"2023-09-08T19:14:19+00:00","description":"This privacy policy (\u201cpolicy\u201d) will help you understand how Life Revival uses and protects the data you provide to us when you visit and use https:\/\/revivalheal.com\/","breadcrumb":{"@id":"https:\/\/revivalheal.com\/privacy-policy\/#breadcrumb"},"inLanguage":"es-ES","potentialAction":[{"@type":"ReadAction","target":["https:\/\/revivalheal.com\/privacy-policy\/"]}]},{"@type":"ImageObject","inLanguage":"es-ES","@id":"https:\/\/revivalheal.com\/privacy-policy\/#primaryimage","url":"https:\/\/revivalheal.com\/wp-content\/uploads\/2023\/09\/liferevival.png","contentUrl":"https:\/\/revivalheal.com\/wp-content\/uploads\/2023\/09\/liferevival.png","width":1200,"height":630},{"@type":"BreadcrumbList","@id":"https:\/\/revivalheal.com\/privacy-policy\/#breadcrumb","itemListElement":[{"@type":"ListItem","position":1,"name":"Home","item":"https:\/\/revivalheal.com\/"},{"@type":"ListItem","position":2,"name":"PRIVACY POLICY"}]},{"@type":"WebSite","@id":"https:\/\/revivalheal.com\/#website","url":"https:\/\/revivalheal.com\/","name":"Renacimiento de la vida","description":"","publisher":{"@id":"https:\/\/revivalheal.com\/#organization"},"potentialAction":[{"@type":"SearchAction","target":{"@type":"EntryPoint","urlTemplate":"https:\/\/revivalheal.com\/?s={search_term_string}"},"query-input":{"@type":"PropertyValueSpecification","valueRequired":true,"valueName":"search_term_string"}}],"inLanguage":"es-ES"},{"@type":"Organization","@id":"https:\/\/revivalheal.com\/#organization","name":"Renacimiento de la vida","url":"https:\/\/revivalheal.com\/","logo":{"@type":"ImageObject","inLanguage":"es-ES","@id":"https:\/\/revivalheal.com\/#\/schema\/logo\/image\/","url":"https:\/\/revivalheal.com\/wp-content\/uploads\/2023\/06\/liferevival-e1686929461706.png","contentUrl":"https:\/\/revivalheal.com\/wp-content\/uploads\/2023\/06\/liferevival-e1686929461706.png","width":770,"height":115,"caption":"Life Revival"},"image":{"@id":"https:\/\/revivalheal.com\/#\/schema\/logo\/image\/"}}]}},"_links":{"self":[{"href":"https:\/\/revivalheal.com\/es\/wp-json\/wp\/v2\/pages\/333","targetHints":{"allow":["GET"]}}],"collection":[{"href":"https:\/\/revivalheal.com\/es\/wp-json\/wp\/v2\/pages"}],"about":[{"href":"https:\/\/revivalheal.com\/es\/wp-json\/wp\/v2\/types\/page"}],"author":[{"embeddable":true,"href":"https:\/\/revivalheal.com\/es\/wp-json\/wp\/v2\/users\/3"}],"replies":[{"embeddable":true,"href":"https:\/\/revivalheal.com\/es\/wp-json\/wp\/v2\/comments?post=333"}],"version-history":[{"count":0,"href":"https:\/\/revivalheal.com\/es\/wp-json\/wp\/v2\/pages\/333\/revisions"}],"wp:featuredmedia":[{"embeddable":true,"href":"https:\/\/revivalheal.com\/es\/wp-json\/wp\/v2\/media\/377"}],"wp:attachment":[{"href":"https:\/\/revivalheal.com\/es\/wp-json\/wp\/v2\/media?parent=333"}],"curies":[{"name":"wp","href":"https:\/\/api.w.org\/{rel}","templated":true}]}}